{"id":796332,"date":"2023-09-25T13:07:20","date_gmt":"2023-09-25T10:07:20","guid":{"rendered":"https:\/\/games.tactic.net\/tuote\/bruder-man-tgs-winter-service-with-plow-blade\/"},"modified":"2023-10-20T16:43:11","modified_gmt":"2023-10-20T13:43:11","slug":"bruder-man-tgs-winter-service-with-plow-blade","status":"publish","type":"product","link":"https:\/\/games.tactic.net\/da\/tuote\/bruder-man-tgs-winter-service-with-plow-blade\/","title":{"rendered":"Bruder MAN TGS Winter service vehicle with plow blade toy"},"content":{"rendered":"<p>&#8230; tung snefald i hele landet &#8230;, s\u00e5 snart trafikrapporterne n\u00e6vner noget i den retning, begynder vintertjenestek\u00f8ret\u00f8jerne straks at arbejde mod uret for at lette situationen. Kendt for sine realistiske k\u00f8ret\u00f8jer, der er egnet til enhver situation, har BRUDER udviklet med MAN TGS vintertjenestek\u00f8ret\u00f8jet en imponerende og n\u00f8jagtig kopi af det originale sneplov. Det brede, h\u00f8jdejusterbare og selvf\u00f8lgelig ogs\u00e5 aftagelige plovblad form\u00e5r at rydde selv det tykkeste sne og skabe en bane egnet til trafik. Den ekstremt realistiske saltudl\u00e6gger anvender sand eller anden grus p\u00e5 vejbanen for at forhindre k\u00f8ret\u00f8jer i at miste kontrollen. MAN TGS-lastbilen kan eftermonteres med BRUDER lys og lyd<\/p>\n","protected":false},"excerpt":{"rendered":"<p>MAN TGS Vinter Service med sneplov<\/p>\n","protected":false},"featured_media":0,"template":"","meta":{"content-type":"","_monsterinsights_skip_tracking":false,"_monsterinsights_sitenote_active":false,"_monsterinsights_sitenote_note":"","_monsterinsights_sitenote_category":0},"product_brand":[],"product_cat":[1498],"product_tag":[],"brand":[],"target-group":[],"discontinued":[],"class_list":{"0":"post-796332","1":"product","2":"type-product","3":"status-publish","5":"product_cat-bruder-legetoej","7":"first","8":"outofstock","9":"taxable","10":"shipping-taxable","11":"product-type-simple"},"aioseo_notices":[],"_links":{"self":[{"href":"https:\/\/games.tactic.net\/da\/wp-json\/wp\/v2\/product\/796332","targetHints":{"allow":["GET"]}}],"collection":[{"href":"https:\/\/games.tactic.net\/da\/wp-json\/wp\/v2\/product"}],"about":[{"href":"https:\/\/games.tactic.net\/da\/wp-json\/wp\/v2\/types\/product"}],"wp:attachment":[{"href":"https:\/\/games.tactic.net\/da\/wp-json\/wp\/v2\/media?parent=796332"}],"wp:term":[{"taxonomy":"product_brand","embeddable":true,"href":"https:\/\/games.tactic.net\/da\/wp-json\/wp\/v2\/product_brand?post=796332"},{"taxonomy":"product_cat","embeddable":true,"href":"https:\/\/games.tactic.net\/da\/wp-json\/wp\/v2\/product_cat?post=796332"},{"taxonomy":"product_tag","embeddable":true,"href":"https:\/\/games.tactic.net\/da\/wp-json\/wp\/v2\/product_tag?post=796332"},{"taxonomy":"brand","embeddable":true,"href":"https:\/\/games.tactic.net\/da\/wp-json\/wp\/v2\/brand?post=796332"},{"taxonomy":"target-group","embeddable":true,"href":"https:\/\/games.tactic.net\/da\/wp-json\/wp\/v2\/target-group?post=796332"},{"taxonomy":"discontinued","embeddable":true,"href":"https:\/\/games.tactic.net\/da\/wp-json\/wp\/v2\/discontinued?post=796332"}],"curies":[{"name":"wp","href":"https:\/\/api.w.org\/{rel}","templated":true}]}}