{"id":796314,"date":"2023-09-25T13:06:55","date_gmt":"2023-09-25T10:06:55","guid":{"rendered":"https:\/\/games.tactic.net\/tuote\/bruder-man-tgs-garbage-truck\/"},"modified":"2023-10-20T16:40:55","modified_gmt":"2023-10-20T13:40:55","slug":"bruder-man-tgs-garbage-truck","status":"publish","type":"product","link":"https:\/\/games.tactic.net\/da\/tuote\/bruder-man-tgs-garbage-truck\/","title":{"rendered":"Bruder MAN TGS Skraldevogn leget\u00f8j"},"content":{"rendered":"<p>MAN TGS er den perfekte allround-lastbil til byggeri, langtransport og distribution. Kabinen har \u00e5bne d\u00f8re, og renovationsprocessen styres af et roterende h\u00e5ndtag, s\u00e5 to skraldespande kan t\u00f8mmes samtidig. Gennem et vindue ses komprimeringen af affaldet. Affaldet f\u00f8res til bagenden via udskubberen. Leveres med to skraldespande. Passer med s\u00e6t 02607 (3 sm\u00e5, 1 stor).<\/p>\n","protected":false},"excerpt":{"rendered":"<p>MAN TGS \u2013 den alsidige lastbil til byggepladser og transport. Robust design, st\u00e6rke motorer og h\u00f8j lasteevne giver realistisk leg.<\/p>\n","protected":false},"featured_media":0,"template":"","meta":{"content-type":"","_monsterinsights_skip_tracking":false,"_monsterinsights_sitenote_active":false,"_monsterinsights_sitenote_note":"","_monsterinsights_sitenote_category":0},"product_brand":[],"product_cat":[1498],"product_tag":[],"brand":[],"target-group":[],"discontinued":[],"class_list":{"0":"post-796314","1":"product","2":"type-product","3":"status-publish","5":"product_cat-bruder-legetoej","7":"first","8":"instock","9":"taxable","10":"shipping-taxable","11":"product-type-simple"},"aioseo_notices":[],"_links":{"self":[{"href":"https:\/\/games.tactic.net\/da\/wp-json\/wp\/v2\/product\/796314","targetHints":{"allow":["GET"]}}],"collection":[{"href":"https:\/\/games.tactic.net\/da\/wp-json\/wp\/v2\/product"}],"about":[{"href":"https:\/\/games.tactic.net\/da\/wp-json\/wp\/v2\/types\/product"}],"wp:attachment":[{"href":"https:\/\/games.tactic.net\/da\/wp-json\/wp\/v2\/media?parent=796314"}],"wp:term":[{"taxonomy":"product_brand","embeddable":true,"href":"https:\/\/games.tactic.net\/da\/wp-json\/wp\/v2\/product_brand?post=796314"},{"taxonomy":"product_cat","embeddable":true,"href":"https:\/\/games.tactic.net\/da\/wp-json\/wp\/v2\/product_cat?post=796314"},{"taxonomy":"product_tag","embeddable":true,"href":"https:\/\/games.tactic.net\/da\/wp-json\/wp\/v2\/product_tag?post=796314"},{"taxonomy":"brand","embeddable":true,"href":"https:\/\/games.tactic.net\/da\/wp-json\/wp\/v2\/brand?post=796314"},{"taxonomy":"target-group","embeddable":true,"href":"https:\/\/games.tactic.net\/da\/wp-json\/wp\/v2\/target-group?post=796314"},{"taxonomy":"discontinued","embeddable":true,"href":"https:\/\/games.tactic.net\/da\/wp-json\/wp\/v2\/discontinued?post=796314"}],"curies":[{"name":"wp","href":"https:\/\/api.w.org\/{rel}","templated":true}]}}