{"id":796296,"date":"2023-09-25T13:06:08","date_gmt":"2023-09-25T10:06:08","guid":{"rendered":"https:\/\/games.tactic.net\/tuote\/bruder-man-tga-low-loader-truck-with-manitou-telescopic-l\/"},"modified":"2023-10-20T16:38:39","modified_gmt":"2023-10-20T13:38:39","slug":"bruder-man-tga-low-loader-truck-with-manitou-telescopic-l","status":"publish","type":"product","link":"https:\/\/games.tactic.net\/da\/tuote\/bruder-man-tga-low-loader-truck-with-manitou-telescopic-l\/","title":{"rendered":"Bruder MAN TGA Low loader truck with Manitou telehandler toy"},"content":{"rendered":"<p>Lavl\u00e6ssende trailere bruges ofte til at udf\u00f8re tunge transportopgaver, s\u00e5som transport af store entrepren\u00f8rmaskiner fra byggeplads til byggeplads. I BRUDER Construction-temaverdenen transporterer MAN TGA lavl\u00e6sseren en Manitou MT633 til dens n\u00e6ste installationssted. Dette imponerende k\u00f8ret\u00f8j har de velkendte egenskaber fra MAN lavl\u00e6sseren, s\u00e5som den fuldt funktionelle drejeskivekobling p\u00e5 s\u00e6ttevognen, foldest\u00f8tter og bev\u00e6gelige adgangsramper. Den medf\u00f8lgende styrbare teleskopl\u00e6sser har en udtr\u00e6kkelig og h\u00f8jdejusterbar teleskoparm samt en aftagelig skovl.<\/p>\n","protected":false},"excerpt":{"rendered":"<p>Bruder MAN TGA Lavl\u00e6ssendelastbil med Manitou teleskopl\u00e6sser<\/p>\n","protected":false},"featured_media":0,"template":"","meta":{"content-type":"","_monsterinsights_skip_tracking":false,"_monsterinsights_sitenote_active":false,"_monsterinsights_sitenote_note":"","_monsterinsights_sitenote_category":0},"product_brand":[],"product_cat":[1498],"product_tag":[],"brand":[],"target-group":[],"discontinued":[],"class_list":{"0":"post-796296","1":"product","2":"type-product","3":"status-publish","5":"product_cat-bruder-legetoej","7":"first","8":"outofstock","9":"taxable","10":"shipping-taxable","11":"product-type-simple"},"aioseo_notices":[],"_links":{"self":[{"href":"https:\/\/games.tactic.net\/da\/wp-json\/wp\/v2\/product\/796296","targetHints":{"allow":["GET"]}}],"collection":[{"href":"https:\/\/games.tactic.net\/da\/wp-json\/wp\/v2\/product"}],"about":[{"href":"https:\/\/games.tactic.net\/da\/wp-json\/wp\/v2\/types\/product"}],"wp:attachment":[{"href":"https:\/\/games.tactic.net\/da\/wp-json\/wp\/v2\/media?parent=796296"}],"wp:term":[{"taxonomy":"product_brand","embeddable":true,"href":"https:\/\/games.tactic.net\/da\/wp-json\/wp\/v2\/product_brand?post=796296"},{"taxonomy":"product_cat","embeddable":true,"href":"https:\/\/games.tactic.net\/da\/wp-json\/wp\/v2\/product_cat?post=796296"},{"taxonomy":"product_tag","embeddable":true,"href":"https:\/\/games.tactic.net\/da\/wp-json\/wp\/v2\/product_tag?post=796296"},{"taxonomy":"brand","embeddable":true,"href":"https:\/\/games.tactic.net\/da\/wp-json\/wp\/v2\/brand?post=796296"},{"taxonomy":"target-group","embeddable":true,"href":"https:\/\/games.tactic.net\/da\/wp-json\/wp\/v2\/target-group?post=796296"},{"taxonomy":"discontinued","embeddable":true,"href":"https:\/\/games.tactic.net\/da\/wp-json\/wp\/v2\/discontinued?post=796296"}],"curies":[{"name":"wp","href":"https:\/\/api.w.org\/{rel}","templated":true}]}}