{"id":796278,"date":"2023-09-25T13:05:46","date_gmt":"2023-09-25T10:05:46","guid":{"rendered":"https:\/\/games.tactic.net\/tuote\/bruder-bworld-fire-station-with-fireman\/"},"modified":"2023-10-11T09:28:43","modified_gmt":"2023-10-11T06:28:43","slug":"bruder-bworld-fire-station-with-fireman","status":"publish","type":"product","link":"https:\/\/games.tactic.net\/da\/tuote\/bruder-bworld-fire-station-with-fireman\/","title":{"rendered":"Bruder bworld Fire station with fireman toy"},"content":{"rendered":"<p>bworld er BRUDER&#8217;s leget\u00f8jsverden. Den best\u00e5r af bev\u00e6gelige figurer, dyr, tilbeh\u00f8r og senest ogs\u00e5 temas\u00e6t og er tildelt de velkendte BRUDER-kategorier. Hvad enten det er som chauff\u00f8r, rytter, vandsportsentusiast eller p\u00e5 hospitalsafdelingen eller motorcykelv\u00e6rkstedet, giver bworld-varer timevis af sjov alene eller er den perfekte tilf\u00f8jelse til de detaljerede k\u00f8ret\u00f8jer. Med de nye temas\u00e6t kan du dykke endnu dybere ned i Bruders verden. Trykte v\u00e6gelementer med justerbare f\u00f8dder, der er nemme at montere, danner nu plads til endnu mere virkelighed, n\u00e5r man leger, og det nye reolsystem og andre komponenter kan ogs\u00e5 interagere med elementerne. <\/p>\n<p>For den brede vifte af BRUDER brandv\u00e6sensk\u00f8ret\u00f8jer er der nu den nye bworld brandstation som et koordinerende sted. I kontrolcentret kan brandmanden koordinere og spore hver mission ved hj\u00e6lp af det nyeste udstyr. Mellem inds\u00e6ttelserne kan BRUDER-brandmanden slappe af i personalrummet p\u00e5 f\u00f8rste sal. bworld brandstationen kan nemt kombineres med de andre bworld temas\u00e6t.<\/p>\n","protected":false},"excerpt":{"rendered":"<p>Bruder bworld brandstation med brandmand.<\/p>\n","protected":false},"featured_media":0,"template":"","meta":{"content-type":"","_monsterinsights_skip_tracking":false,"_monsterinsights_sitenote_active":false,"_monsterinsights_sitenote_note":"","_monsterinsights_sitenote_category":0},"product_brand":[],"product_cat":[1498],"product_tag":[],"brand":[],"target-group":[],"discontinued":[],"class_list":{"0":"post-796278","1":"product","2":"type-product","3":"status-publish","5":"product_cat-bruder-legetoej","7":"first","8":"instock","9":"taxable","10":"shipping-taxable","11":"product-type-simple"},"aioseo_notices":[],"_links":{"self":[{"href":"https:\/\/games.tactic.net\/da\/wp-json\/wp\/v2\/product\/796278","targetHints":{"allow":["GET"]}}],"collection":[{"href":"https:\/\/games.tactic.net\/da\/wp-json\/wp\/v2\/product"}],"about":[{"href":"https:\/\/games.tactic.net\/da\/wp-json\/wp\/v2\/types\/product"}],"wp:attachment":[{"href":"https:\/\/games.tactic.net\/da\/wp-json\/wp\/v2\/media?parent=796278"}],"wp:term":[{"taxonomy":"product_brand","embeddable":true,"href":"https:\/\/games.tactic.net\/da\/wp-json\/wp\/v2\/product_brand?post=796278"},{"taxonomy":"product_cat","embeddable":true,"href":"https:\/\/games.tactic.net\/da\/wp-json\/wp\/v2\/product_cat?post=796278"},{"taxonomy":"product_tag","embeddable":true,"href":"https:\/\/games.tactic.net\/da\/wp-json\/wp\/v2\/product_tag?post=796278"},{"taxonomy":"brand","embeddable":true,"href":"https:\/\/games.tactic.net\/da\/wp-json\/wp\/v2\/brand?post=796278"},{"taxonomy":"target-group","embeddable":true,"href":"https:\/\/games.tactic.net\/da\/wp-json\/wp\/v2\/target-group?post=796278"},{"taxonomy":"discontinued","embeddable":true,"href":"https:\/\/games.tactic.net\/da\/wp-json\/wp\/v2\/discontinued?post=796278"}],"curies":[{"name":"wp","href":"https:\/\/api.w.org\/{rel}","templated":true}]}}