{"id":796260,"date":"2023-09-25T13:05:25","date_gmt":"2023-09-25T10:05:25","guid":{"rendered":"https:\/\/games.tactic.net\/tuote\/bruder-dumper-new\/"},"modified":"2023-10-20T15:27:49","modified_gmt":"2023-10-20T12:27:49","slug":"bruder-dumper-new","status":"publish","type":"product","link":"https:\/\/games.tactic.net\/da\/tuote\/bruder-dumper-new\/","title":{"rendered":"Bruder ROADMAX Dumper toy"},"content":{"rendered":"<p>BRUDER entrepren\u00f8rk\u00f8ret\u00f8jer-temaverdenen er ekstremt popul\u00e6r, da leget\u00f8jsk\u00f8ret\u00f8jerne er fremstillet med et h\u00f8jt detaljeringsniveau og har omfattende funktioner. Med den nye tipvogn tilbyder BRUDER en fantastisk tipvogn til b\u00f8rn fra 2 \u00e5r. Modellen har et detaljeret f\u00f8rerhus og er udstyret med kn\u00e6kstyring. Tipvognen er udstyret med et stort fuldt funktionelt tiptrug til brug i sandkassen. BRUDER-serien omfatter BRUDER kn\u00e6khjulsl\u00e6sseren (varenr. 03412) og BRUDER mobilgraveren (varenr. 03413), som ogs\u00e5 er velegnet til b\u00f8rn fra 2 \u00e5r.<\/p>\n","protected":false},"excerpt":{"rendered":"<p>Bruder Roadmax Lastbil Dumper  &#8211; hvid<br \/>\nvelegnet til b\u00f8rn fra 2 \u00e5r<\/p>\n","protected":false},"featured_media":0,"template":"","meta":{"content-type":"","_monsterinsights_skip_tracking":false,"_monsterinsights_sitenote_active":false,"_monsterinsights_sitenote_note":"","_monsterinsights_sitenote_category":0},"product_brand":[],"product_cat":[1498],"product_tag":[],"brand":[],"target-group":[],"discontinued":[],"class_list":{"0":"post-796260","1":"product","2":"type-product","3":"status-publish","5":"product_cat-bruder-legetoej","7":"first","8":"instock","9":"taxable","10":"shipping-taxable","11":"product-type-simple"},"aioseo_notices":[],"_links":{"self":[{"href":"https:\/\/games.tactic.net\/da\/wp-json\/wp\/v2\/product\/796260","targetHints":{"allow":["GET"]}}],"collection":[{"href":"https:\/\/games.tactic.net\/da\/wp-json\/wp\/v2\/product"}],"about":[{"href":"https:\/\/games.tactic.net\/da\/wp-json\/wp\/v2\/types\/product"}],"wp:attachment":[{"href":"https:\/\/games.tactic.net\/da\/wp-json\/wp\/v2\/media?parent=796260"}],"wp:term":[{"taxonomy":"product_brand","embeddable":true,"href":"https:\/\/games.tactic.net\/da\/wp-json\/wp\/v2\/product_brand?post=796260"},{"taxonomy":"product_cat","embeddable":true,"href":"https:\/\/games.tactic.net\/da\/wp-json\/wp\/v2\/product_cat?post=796260"},{"taxonomy":"product_tag","embeddable":true,"href":"https:\/\/games.tactic.net\/da\/wp-json\/wp\/v2\/product_tag?post=796260"},{"taxonomy":"brand","embeddable":true,"href":"https:\/\/games.tactic.net\/da\/wp-json\/wp\/v2\/brand?post=796260"},{"taxonomy":"target-group","embeddable":true,"href":"https:\/\/games.tactic.net\/da\/wp-json\/wp\/v2\/target-group?post=796260"},{"taxonomy":"discontinued","embeddable":true,"href":"https:\/\/games.tactic.net\/da\/wp-json\/wp\/v2\/discontinued?post=796260"}],"curies":[{"name":"wp","href":"https:\/\/api.w.org\/{rel}","templated":true}]}}