{"id":792334,"date":"2023-09-25T10:57:35","date_gmt":"2023-09-25T07:57:35","guid":{"rendered":"https:\/\/games.tactic.net\/tuote\/bruder-scania-super-560r-liebherr-crane-truck-ls-module\/"},"modified":"2023-10-20T17:00:21","modified_gmt":"2023-10-20T14:00:21","slug":"bruder-scania-super-560r-liebherr-crane-truck-ls-module","status":"publish","type":"product","link":"https:\/\/games.tactic.net\/da\/tuote\/bruder-scania-super-560r-liebherr-crane-truck-ls-module\/","title":{"rendered":"Bruder Scania Super 560R Liebherr Crane truck with Light and Sound toy"},"content":{"rendered":"<p>Komfortabel og robust pr\u00e6senterer BRUDER Scania Super R-serien i sit sortiment. R-serien er kendetegnet ved sin unikke kombination af komfort og holdbarhed. Den er derfor ideelt egnet til enhver situation, der m\u00e5tte opst\u00e5. Det er pr\u00e6cis disse forskellige situationer, som b\u00f8rn realistisk kan opleve med disse BRUDER-modeller.<\/p>\n<p>Kranlastbilen er allerede af betydelig st\u00f8rrelse, n\u00e5r den teleskopiske kran er udfoldet, og den kan udvides yderligere med en ekstra bom. Med kranbommen fuldt udfoldet og opstillet n\u00e5r kranen en h\u00f8jde p\u00e5 1,30 meter og vil derfor rage op over nogle af de sm\u00e5 byggere. Stabilitet i denne dimension er selvf\u00f8lgelig en n\u00f8dvendighed. H\u00f8j stabilitet mod tipping opn\u00e5s ved hj\u00e6lp af drejelige og individuelt justerbare st\u00f8ttef\u00f8dder p\u00e5 k\u00f8ret\u00f8jets platform. For endnu st\u00f8rre stabilitet kan det medf\u00f8lgende modv\u00e6gt bruges, ligesom med den originale kran. Modellen kan fyldes med sand for at sikre tilstr\u00e6kkelig v\u00e6gt.<\/p>\n<p>Kabelspillet med hold-\u00e5ben funktion og overbelastningsbeskyttelse muligg\u00f8r nem h\u00e5ndtering af krankrogen ved l\u00f8ft og s\u00e6nkning, selv af store genstande. Som med originalen har kranf\u00f8rerens kabine en vinduesbeskyttelsesramme og en \u00e5bningsbar skyded\u00f8r. Et v\u00e6rkt\u00f8jskasse integreret i platformen fuldender kranens mange funktioner. Den nyudviklede kabine p\u00e5 Scania Super R har d\u00f8re, der kan \u00e5bnes, og foldbare sidespejle. Lys og lyd er ogs\u00e5 inkluderet for endnu mere legev\u00e6rdi.<\/p>\n","protected":false},"excerpt":{"rendered":"<p>Scania Super 560R Liebherr kranlastbil med lys- og lydmodul.<\/p>\n","protected":false},"featured_media":0,"template":"","meta":{"content-type":"","_monsterinsights_skip_tracking":false,"_monsterinsights_sitenote_active":false,"_monsterinsights_sitenote_note":"","_monsterinsights_sitenote_category":0},"product_brand":[],"product_cat":[1498],"product_tag":[],"brand":[],"target-group":[],"discontinued":[],"class_list":{"0":"post-792334","1":"product","2":"type-product","3":"status-publish","5":"product_cat-bruder-legetoej","7":"first","8":"instock","9":"taxable","10":"shipping-taxable","11":"product-type-simple"},"aioseo_notices":[],"_links":{"self":[{"href":"https:\/\/games.tactic.net\/da\/wp-json\/wp\/v2\/product\/792334","targetHints":{"allow":["GET"]}}],"collection":[{"href":"https:\/\/games.tactic.net\/da\/wp-json\/wp\/v2\/product"}],"about":[{"href":"https:\/\/games.tactic.net\/da\/wp-json\/wp\/v2\/types\/product"}],"wp:attachment":[{"href":"https:\/\/games.tactic.net\/da\/wp-json\/wp\/v2\/media?parent=792334"}],"wp:term":[{"taxonomy":"product_brand","embeddable":true,"href":"https:\/\/games.tactic.net\/da\/wp-json\/wp\/v2\/product_brand?post=792334"},{"taxonomy":"product_cat","embeddable":true,"href":"https:\/\/games.tactic.net\/da\/wp-json\/wp\/v2\/product_cat?post=792334"},{"taxonomy":"product_tag","embeddable":true,"href":"https:\/\/games.tactic.net\/da\/wp-json\/wp\/v2\/product_tag?post=792334"},{"taxonomy":"brand","embeddable":true,"href":"https:\/\/games.tactic.net\/da\/wp-json\/wp\/v2\/brand?post=792334"},{"taxonomy":"target-group","embeddable":true,"href":"https:\/\/games.tactic.net\/da\/wp-json\/wp\/v2\/target-group?post=792334"},{"taxonomy":"discontinued","embeddable":true,"href":"https:\/\/games.tactic.net\/da\/wp-json\/wp\/v2\/discontinued?post=792334"}],"curies":[{"name":"wp","href":"https:\/\/api.w.org\/{rel}","templated":true}]}}