{"id":792316,"date":"2023-09-25T10:57:11","date_gmt":"2023-09-25T07:57:11","guid":{"rendered":"https:\/\/games.tactic.net\/tuote\/bruder-scania-super-560r-cattle-transportation-truck-w-1\/"},"modified":"2023-10-20T16:59:06","modified_gmt":"2023-10-20T13:59:06","slug":"bruder-scania-super-560r-cattle-transportation-truck-w-1","status":"publish","type":"product","link":"https:\/\/games.tactic.net\/da\/tuote\/bruder-scania-super-560r-cattle-transportation-truck-w-1\/","title":{"rendered":"Bruder Scania Super 560R Kreaturtransport lastbil med 1 ko leget\u00f8j"},"content":{"rendered":"<p>Komfortabel og robust \u2013 BRUDER pr\u00e6senterer Scania Super R-serien, kendt for sin unikke kombination af komfort og holdbarhed. Kv\u00e6getransporteren er udstyret til dyrevenlig transport: Folde- og udtr\u00e6ksrampe med klapgitre, indvendige skillev\u00e6gge til forskellige dyrs pladsbehov, p\u00e5s\u00e6ttelige fodertrug m.m. En ko i skala medf\u00f8lger; flere k\u00f8er og tyre kan tilk\u00f8bes (nr. 02308\/02309). Den nye f\u00f8rerkabine f\u00f8lger Scanias dynamiske design med klapbare spejle og \u00e5bne d\u00f8re og kan udbygges med lys- og lydmodul (nr. 02801).<\/p>\n","protected":false},"excerpt":{"rendered":"<p>Scania Super R kv\u00e6gtransport: robust og realistisk med rampe, skilleporte, fodertrug, d\u00f8re og spejle. Inkluderer ko og kan udbygges med Lys &#038; Lyd modul.<\/p>\n","protected":false},"featured_media":0,"template":"","meta":{"content-type":"","_monsterinsights_skip_tracking":false,"_monsterinsights_sitenote_active":false,"_monsterinsights_sitenote_note":"","_monsterinsights_sitenote_category":0},"product_brand":[],"product_cat":[1498],"product_tag":[],"brand":[],"target-group":[],"discontinued":[],"class_list":{"0":"post-792316","1":"product","2":"type-product","3":"status-publish","5":"product_cat-bruder-legetoej","7":"first","8":"instock","9":"taxable","10":"shipping-taxable","11":"product-type-simple"},"aioseo_notices":[],"_links":{"self":[{"href":"https:\/\/games.tactic.net\/da\/wp-json\/wp\/v2\/product\/792316","targetHints":{"allow":["GET"]}}],"collection":[{"href":"https:\/\/games.tactic.net\/da\/wp-json\/wp\/v2\/product"}],"about":[{"href":"https:\/\/games.tactic.net\/da\/wp-json\/wp\/v2\/types\/product"}],"wp:attachment":[{"href":"https:\/\/games.tactic.net\/da\/wp-json\/wp\/v2\/media?parent=792316"}],"wp:term":[{"taxonomy":"product_brand","embeddable":true,"href":"https:\/\/games.tactic.net\/da\/wp-json\/wp\/v2\/product_brand?post=792316"},{"taxonomy":"product_cat","embeddable":true,"href":"https:\/\/games.tactic.net\/da\/wp-json\/wp\/v2\/product_cat?post=792316"},{"taxonomy":"product_tag","embeddable":true,"href":"https:\/\/games.tactic.net\/da\/wp-json\/wp\/v2\/product_tag?post=792316"},{"taxonomy":"brand","embeddable":true,"href":"https:\/\/games.tactic.net\/da\/wp-json\/wp\/v2\/brand?post=792316"},{"taxonomy":"target-group","embeddable":true,"href":"https:\/\/games.tactic.net\/da\/wp-json\/wp\/v2\/target-group?post=792316"},{"taxonomy":"discontinued","embeddable":true,"href":"https:\/\/games.tactic.net\/da\/wp-json\/wp\/v2\/discontinued?post=792316"}],"curies":[{"name":"wp","href":"https:\/\/api.w.org\/{rel}","templated":true}]}}