{"id":791805,"date":"2023-09-25T10:48:12","date_gmt":"2023-09-25T07:48:12","guid":{"rendered":"https:\/\/games.tactic.net\/tuote\/bruder-mb-arocs-timber-truck-with-loading-crane-grab-and\/"},"modified":"2023-10-20T16:46:55","modified_gmt":"2023-10-20T13:46:55","slug":"bruder-mb-arocs-timber-truck-with-loading-crane-grab-and","status":"publish","type":"product","link":"https:\/\/games.tactic.net\/da\/tuote\/bruder-mb-arocs-timber-truck-with-loading-crane-grab-and\/","title":{"rendered":"Bruder Mercedes-Benz Arocs Timber truck with loading crane, grab and 3 trunks toy"},"content":{"rendered":"<p>Kraft, holdbarhed og effektivitet repr\u00e6senterer ofte afg\u00f8rende elementer i l\u00f8bet af en arbejdsdag p\u00e5 veje og byggepladser. Dette er grunden til, at den nye Mercedes-Benz Arocs er blevet specielt udviklet til disse behov. Designet er ogs\u00e5 blevet revideret for at matche disse tekniske funktioner. For eksempel er forsiden af k\u00f8lergitteret designet i den karakteristiske Arocs-stil, der afspejler dens enorme kraft. Med dette model fokuserede vi intensivt p\u00e5 den holdbarhed, der kendetegner BRUDER-produkter, og udstyrede f\u00f8rerhuset med en \u00e5bningsd\u00f8r, s\u00e5 BRUDER-leget\u00f8jsfigurer kan f\u00e5 adgang til k\u00f8ret\u00f8jet. L\u00e6ssekranen er udstyret med en t\u00f8mmergrab for at flytte tr\u00e6stammerne. T\u00f8mmergrebet kan l\u00e5ses i \u00e5ben position. N\u00e5r en tr\u00e6stamme skal gribe, s\u00e6nkes t\u00f8mmergrebet ned p\u00e5 den, og n\u00e5r der er kontakt i midten, lukker grebet automatisk. Det er bare et eksempel p\u00e5 funktionaliteten af denne lastbil. Andre h\u00f8jdepunkter inkluderer udvidelse og s\u00e6nkning af kranst\u00f8tterne samt k\u00e6derne p\u00e5 st\u00f8tterne p\u00e5 l\u00e6ssepladsen til at sikre lasten. Selvf\u00f8lgelig kan st\u00f8tterne ogs\u00e5 foldes ned for at l\u00e6sse tr\u00e6et sidel\u00e6ns. Bagtil kan lastbilen t\u00f8mmes ved at vippe l\u00e6ssepladsen<\/p>\n","protected":false},"excerpt":{"rendered":"<p>Bruder Mercedez-Benz Arocs Tr\u00e6lastbil med l\u00e6ssekran, grab og 3 stk tr\u00e6stammer<\/p>\n","protected":false},"featured_media":0,"template":"","meta":{"content-type":"","_monsterinsights_skip_tracking":false,"_monsterinsights_sitenote_active":false,"_monsterinsights_sitenote_note":"","_monsterinsights_sitenote_category":0},"product_brand":[],"product_cat":[1498],"product_tag":[],"brand":[],"target-group":[],"discontinued":[],"class_list":{"0":"post-791805","1":"product","2":"type-product","3":"status-publish","5":"product_cat-bruder-legetoej","7":"first","8":"instock","9":"taxable","10":"shipping-taxable","11":"product-type-simple"},"aioseo_notices":[],"_links":{"self":[{"href":"https:\/\/games.tactic.net\/da\/wp-json\/wp\/v2\/product\/791805","targetHints":{"allow":["GET"]}}],"collection":[{"href":"https:\/\/games.tactic.net\/da\/wp-json\/wp\/v2\/product"}],"about":[{"href":"https:\/\/games.tactic.net\/da\/wp-json\/wp\/v2\/types\/product"}],"wp:attachment":[{"href":"https:\/\/games.tactic.net\/da\/wp-json\/wp\/v2\/media?parent=791805"}],"wp:term":[{"taxonomy":"product_brand","embeddable":true,"href":"https:\/\/games.tactic.net\/da\/wp-json\/wp\/v2\/product_brand?post=791805"},{"taxonomy":"product_cat","embeddable":true,"href":"https:\/\/games.tactic.net\/da\/wp-json\/wp\/v2\/product_cat?post=791805"},{"taxonomy":"product_tag","embeddable":true,"href":"https:\/\/games.tactic.net\/da\/wp-json\/wp\/v2\/product_tag?post=791805"},{"taxonomy":"brand","embeddable":true,"href":"https:\/\/games.tactic.net\/da\/wp-json\/wp\/v2\/brand?post=791805"},{"taxonomy":"target-group","embeddable":true,"href":"https:\/\/games.tactic.net\/da\/wp-json\/wp\/v2\/target-group?post=791805"},{"taxonomy":"discontinued","embeddable":true,"href":"https:\/\/games.tactic.net\/da\/wp-json\/wp\/v2\/discontinued?post=791805"}],"curies":[{"name":"wp","href":"https:\/\/api.w.org\/{rel}","templated":true}]}}