{"id":789891,"date":"2023-09-25T09:54:15","date_gmt":"2023-09-25T06:54:15","guid":{"rendered":"https:\/\/games.tactic.net\/tuote\/bruder-grimme-se-75-30-potato-digger-with-imitation-potatoes\/"},"modified":"2023-10-20T15:53:40","modified_gmt":"2023-10-20T12:53:40","slug":"bruder-grimme-se-75-30-potato-digger-with-imitation-potatoes","status":"publish","type":"product","link":"https:\/\/games.tactic.net\/da\/tuote\/bruder-grimme-se-75-30-potato-digger-with-imitation-potatoes\/","title":{"rendered":"Bruder Grimme SE 75-30 potato digger toy"},"content":{"rendered":"<p>Drej p\u00e5 kartoffeloptagerens h\u00e5ndsving for at betjene reng\u00f8rings- og sorteringsb\u00e5ndet med kartofler. H\u00f8jden kan justeres, og transportb\u00e5ndet til afl\u00e6sning kan foldes ud.<\/p>\n","protected":false},"excerpt":{"rendered":"<p>Drej p\u00e5 kartoffeloptagerens h\u00e5ndsving for at betjene reng\u00f8rings- og sorteringsb\u00e5ndet med kartofler. H\u00f8jden kan justeres, og transportb\u00e5ndet til afl\u00e6sning kan foldes ud.<\/p>\n","protected":false},"featured_media":0,"template":"","meta":{"content-type":"","_monsterinsights_skip_tracking":false,"_monsterinsights_sitenote_active":false,"_monsterinsights_sitenote_note":"","_monsterinsights_sitenote_category":0},"product_brand":[],"product_cat":[1498],"product_tag":[],"brand":[],"target-group":[],"discontinued":[],"class_list":{"0":"post-789891","1":"product","2":"type-product","3":"status-publish","5":"product_cat-bruder-legetoej","7":"first","8":"instock","9":"taxable","10":"shipping-taxable","11":"product-type-simple"},"aioseo_notices":[],"_links":{"self":[{"href":"https:\/\/games.tactic.net\/da\/wp-json\/wp\/v2\/product\/789891","targetHints":{"allow":["GET"]}}],"collection":[{"href":"https:\/\/games.tactic.net\/da\/wp-json\/wp\/v2\/product"}],"about":[{"href":"https:\/\/games.tactic.net\/da\/wp-json\/wp\/v2\/types\/product"}],"wp:attachment":[{"href":"https:\/\/games.tactic.net\/da\/wp-json\/wp\/v2\/media?parent=789891"}],"wp:term":[{"taxonomy":"product_brand","embeddable":true,"href":"https:\/\/games.tactic.net\/da\/wp-json\/wp\/v2\/product_brand?post=789891"},{"taxonomy":"product_cat","embeddable":true,"href":"https:\/\/games.tactic.net\/da\/wp-json\/wp\/v2\/product_cat?post=789891"},{"taxonomy":"product_tag","embeddable":true,"href":"https:\/\/games.tactic.net\/da\/wp-json\/wp\/v2\/product_tag?post=789891"},{"taxonomy":"brand","embeddable":true,"href":"https:\/\/games.tactic.net\/da\/wp-json\/wp\/v2\/brand?post=789891"},{"taxonomy":"target-group","embeddable":true,"href":"https:\/\/games.tactic.net\/da\/wp-json\/wp\/v2\/target-group?post=789891"},{"taxonomy":"discontinued","embeddable":true,"href":"https:\/\/games.tactic.net\/da\/wp-json\/wp\/v2\/discontinued?post=789891"}],"curies":[{"name":"wp","href":"https:\/\/api.w.org\/{rel}","templated":true}]}}