{"id":785971,"date":"2023-09-20T18:09:50","date_gmt":"2023-09-20T15:09:50","guid":{"rendered":"https:\/\/games.tactic.net\/tuote\/tipping-trailer-red\/"},"modified":"2023-10-20T17:05:46","modified_gmt":"2023-10-20T14:05:46","slug":"tipping-trailer-red","status":"publish","type":"product","link":"https:\/\/games.tactic.net\/da\/tuote\/tipping-trailer-red\/","title":{"rendered":"Bruder Tipping trailer red toy"},"content":{"rendered":"<p>Vippetrailer bruges i landbruget hver dag som uundv\u00e6rligt v\u00e6rkt\u00f8j. BRUDER tilbyder ogs\u00e5 denne vigtige trailer til unge landm\u00e6nd. Ligesom den \u00e6gte vare foldes trailerens vippetrug sammen, hvoraf bagklappen automatisk \u00e5bnes. Tilslut koblingen igen for at bruge kornudledningsv\u00e6rkt\u00f8jet. Et stativ giver stabilitet. Tipvognen er velegnet til alle BRUDER traktorer<\/p>\n","protected":false},"excerpt":{"rendered":"<p>Bruder Vippetrailer , r\u00f8d<\/p>\n","protected":false},"featured_media":0,"template":"","meta":{"content-type":"","_monsterinsights_skip_tracking":false,"_monsterinsights_sitenote_active":false,"_monsterinsights_sitenote_note":"","_monsterinsights_sitenote_category":0},"product_brand":[],"product_cat":[1498],"product_tag":[],"brand":[],"target-group":[],"discontinued":[],"class_list":{"0":"post-785971","1":"product","2":"type-product","3":"status-publish","5":"product_cat-bruder-legetoej","7":"first","8":"instock","9":"taxable","10":"shipping-taxable","11":"product-type-simple"},"aioseo_notices":[],"_links":{"self":[{"href":"https:\/\/games.tactic.net\/da\/wp-json\/wp\/v2\/product\/785971","targetHints":{"allow":["GET"]}}],"collection":[{"href":"https:\/\/games.tactic.net\/da\/wp-json\/wp\/v2\/product"}],"about":[{"href":"https:\/\/games.tactic.net\/da\/wp-json\/wp\/v2\/types\/product"}],"wp:attachment":[{"href":"https:\/\/games.tactic.net\/da\/wp-json\/wp\/v2\/media?parent=785971"}],"wp:term":[{"taxonomy":"product_brand","embeddable":true,"href":"https:\/\/games.tactic.net\/da\/wp-json\/wp\/v2\/product_brand?post=785971"},{"taxonomy":"product_cat","embeddable":true,"href":"https:\/\/games.tactic.net\/da\/wp-json\/wp\/v2\/product_cat?post=785971"},{"taxonomy":"product_tag","embeddable":true,"href":"https:\/\/games.tactic.net\/da\/wp-json\/wp\/v2\/product_tag?post=785971"},{"taxonomy":"brand","embeddable":true,"href":"https:\/\/games.tactic.net\/da\/wp-json\/wp\/v2\/brand?post=785971"},{"taxonomy":"target-group","embeddable":true,"href":"https:\/\/games.tactic.net\/da\/wp-json\/wp\/v2\/target-group?post=785971"},{"taxonomy":"discontinued","embeddable":true,"href":"https:\/\/games.tactic.net\/da\/wp-json\/wp\/v2\/discontinued?post=785971"}],"curies":[{"name":"wp","href":"https:\/\/api.w.org\/{rel}","templated":true}]}}