{"id":785950,"date":"2023-09-20T18:07:49","date_gmt":"2023-09-20T15:07:49","guid":{"rendered":"https:\/\/games.tactic.net\/tuote\/schaffer-compact-loader-2034-with-figure\/"},"modified":"2023-10-20T17:02:45","modified_gmt":"2023-10-20T14:02:45","slug":"schaffer-compact-loader-2034-with-figure","status":"publish","type":"product","link":"https:\/\/games.tactic.net\/da\/tuote\/schaffer-compact-loader-2034-with-figure\/","title":{"rendered":"Bruder Sch\u00e4ffer Compact loader 2630 with figure and accessories toy"},"content":{"rendered":"<p>I over 50 \u00e5r har Sch\u00e4ffer udviklet kn\u00e6kstyrede vejl\u00e6ssere til landbrugs-, industri- og havebrugsform\u00e5l. Sch\u00e4ffer-l\u00e6sseren er perfekt egnet til stor ydelser i trange rum. Dette alsidige k\u00f8ret\u00f8j, der muligg\u00f8r succes i landbruget, er nu blevet tilf\u00f8jet Bruder-kollektionen i en skala p\u00e5 1:16. K\u00f8ret\u00f8jet er udstyret med en funktionel kn\u00e6kledsstyring, og l\u00e6ssearmen samt skovlen betjenes ogs\u00e5 ligesom i originalen. Solide kr\u00e6ngningsst\u00e6nger beskytter bworld-figuren, der komfortabelt passer ind i f\u00f8rers\u00e6det. Den matchende, bev\u00e6gelige figur samt et tilbeh\u00f8rss\u00e6t best\u00e5ende af l\u00e6ssegafler og en palle giver dette  fantastiske leget\u00f8j mange timers sjov leg.<\/p>\n","protected":false},"excerpt":{"rendered":"<p>Bruder Sch\u00e4ffer Compact loader 2630 med figurer og tilbeh\u00f8r.<\/p>\n","protected":false},"featured_media":0,"template":"","meta":{"content-type":"","_monsterinsights_skip_tracking":false,"_monsterinsights_sitenote_active":false,"_monsterinsights_sitenote_note":"","_monsterinsights_sitenote_category":0},"product_brand":[],"product_cat":[1498],"product_tag":[],"brand":[],"target-group":[],"discontinued":[],"class_list":{"0":"post-785950","1":"product","2":"type-product","3":"status-publish","5":"product_cat-bruder-legetoej","7":"first","8":"instock","9":"taxable","10":"shipping-taxable","11":"product-type-simple"},"aioseo_notices":[],"_links":{"self":[{"href":"https:\/\/games.tactic.net\/da\/wp-json\/wp\/v2\/product\/785950","targetHints":{"allow":["GET"]}}],"collection":[{"href":"https:\/\/games.tactic.net\/da\/wp-json\/wp\/v2\/product"}],"about":[{"href":"https:\/\/games.tactic.net\/da\/wp-json\/wp\/v2\/types\/product"}],"wp:attachment":[{"href":"https:\/\/games.tactic.net\/da\/wp-json\/wp\/v2\/media?parent=785950"}],"wp:term":[{"taxonomy":"product_brand","embeddable":true,"href":"https:\/\/games.tactic.net\/da\/wp-json\/wp\/v2\/product_brand?post=785950"},{"taxonomy":"product_cat","embeddable":true,"href":"https:\/\/games.tactic.net\/da\/wp-json\/wp\/v2\/product_cat?post=785950"},{"taxonomy":"product_tag","embeddable":true,"href":"https:\/\/games.tactic.net\/da\/wp-json\/wp\/v2\/product_tag?post=785950"},{"taxonomy":"brand","embeddable":true,"href":"https:\/\/games.tactic.net\/da\/wp-json\/wp\/v2\/brand?post=785950"},{"taxonomy":"target-group","embeddable":true,"href":"https:\/\/games.tactic.net\/da\/wp-json\/wp\/v2\/target-group?post=785950"},{"taxonomy":"discontinued","embeddable":true,"href":"https:\/\/games.tactic.net\/da\/wp-json\/wp\/v2\/discontinued?post=785950"}],"curies":[{"name":"wp","href":"https:\/\/api.w.org\/{rel}","templated":true}]}}