{"id":785947,"date":"2023-09-20T18:07:22","date_gmt":"2023-09-20T15:07:22","guid":{"rendered":"https:\/\/games.tactic.net\/tuote\/schaffer-compact-loader-2034-with-bale-gripper-and-1-round-bale\/"},"modified":"2023-10-20T17:02:11","modified_gmt":"2023-10-20T14:02:11","slug":"schaffer-compact-loader-2034-with-bale-gripper-and-1-round-bale","status":"publish","type":"product","link":"https:\/\/games.tactic.net\/da\/tuote\/schaffer-compact-loader-2034-with-bale-gripper-and-1-round-bale\/","title":{"rendered":"Bruder Sch\u00e4ffer Compact loader 2630 with bale gripper and 1 bale toy"},"content":{"rendered":"<p>I l\u00f8bet af mere end 50 \u00e5r har Sch\u00e4ffer udviklet ledvogne til landbrugs-, landskabs- og havebrugsform\u00e5l. Den kompakte serie 2000 er en af Sch\u00e4ffers mest succesrige modelserier gennem tiderne. Maksimal ydelse p\u00e5 begr\u00e6nset plads, det er denne l\u00e6ssers motto. Dette afg\u00f8rende og overbevisende alsidige k\u00f8ret\u00f8j, der muligg\u00f8r succes inden for landbrug, er nu tilg\u00e6ngeligt fra BRUDER i en skala p\u00e5 1:16 i kombination med et ballegreb. K\u00f8ret\u00f8jet har operationel ledstyring, og l\u00e6ssearmen samt skovlen betjenes ogs\u00e5 pr\u00e6cis som i originalen. Solide anti-rullest\u00e6nger beskytter bworld-figuren, der komfortabelt passer ind i f\u00f8rers\u00e6det. Til transport og distribution af halm og h\u00f8 er det nye ballegreb et ekstremt nyttigt redskab, der hj\u00e6lper enhver lille landmand med at transportere den leverede runde balle ind i laden og losse den. Gripperen \u00e5bner og lukker ved blot at dreje den \u00f8verste h\u00e5ndhjul.<\/p>\n","protected":false},"excerpt":{"rendered":"<p>Bruder Sch\u00e4ffer Compact loader 2630 med ballegreb og 1 rund balle<\/p>\n","protected":false},"featured_media":0,"template":"","meta":{"content-type":"","_monsterinsights_skip_tracking":false,"_monsterinsights_sitenote_active":false,"_monsterinsights_sitenote_note":"","_monsterinsights_sitenote_category":0},"product_brand":[],"product_cat":[1498],"product_tag":[],"brand":[],"target-group":[],"discontinued":[],"class_list":{"0":"post-785947","1":"product","2":"type-product","3":"status-publish","5":"product_cat-bruder-legetoej","7":"first","8":"instock","9":"taxable","10":"shipping-taxable","11":"product-type-simple"},"aioseo_notices":[],"_links":{"self":[{"href":"https:\/\/games.tactic.net\/da\/wp-json\/wp\/v2\/product\/785947","targetHints":{"allow":["GET"]}}],"collection":[{"href":"https:\/\/games.tactic.net\/da\/wp-json\/wp\/v2\/product"}],"about":[{"href":"https:\/\/games.tactic.net\/da\/wp-json\/wp\/v2\/types\/product"}],"wp:attachment":[{"href":"https:\/\/games.tactic.net\/da\/wp-json\/wp\/v2\/media?parent=785947"}],"wp:term":[{"taxonomy":"product_brand","embeddable":true,"href":"https:\/\/games.tactic.net\/da\/wp-json\/wp\/v2\/product_brand?post=785947"},{"taxonomy":"product_cat","embeddable":true,"href":"https:\/\/games.tactic.net\/da\/wp-json\/wp\/v2\/product_cat?post=785947"},{"taxonomy":"product_tag","embeddable":true,"href":"https:\/\/games.tactic.net\/da\/wp-json\/wp\/v2\/product_tag?post=785947"},{"taxonomy":"brand","embeddable":true,"href":"https:\/\/games.tactic.net\/da\/wp-json\/wp\/v2\/brand?post=785947"},{"taxonomy":"target-group","embeddable":true,"href":"https:\/\/games.tactic.net\/da\/wp-json\/wp\/v2\/target-group?post=785947"},{"taxonomy":"discontinued","embeddable":true,"href":"https:\/\/games.tactic.net\/da\/wp-json\/wp\/v2\/discontinued?post=785947"}],"curies":[{"name":"wp","href":"https:\/\/api.w.org\/{rel}","templated":true}]}}