{"id":785944,"date":"2023-09-20T18:05:48","date_gmt":"2023-09-20T15:05:48","guid":{"rendered":"https:\/\/games.tactic.net\/tuote\/ram-2500-power-wagon-bruder-roadster-racing-team\/"},"modified":"2023-10-20T16:56:32","modified_gmt":"2023-10-20T13:56:32","slug":"ram-2500-power-wagon-bruder-roadster-racing-team","status":"publish","type":"product","link":"https:\/\/games.tactic.net\/da\/tuote\/ram-2500-power-wagon-bruder-roadster-racing-team\/","title":{"rendered":"Bruder Dodge Ram 2500 Power Wagon and Bruder Roadster toy"},"content":{"rendered":"<p>B\u00e5de gamle og unge er fascineret af motorsport. Ingen overraskelse der med disse niveauer af sp\u00e6nding, sp\u00e6nding og hurtige sportsvogne. BRUDER er heller ikke immun over for denne fascination. Med RAM Power Wagon inklusive tunet Bruder Racing Team-sportsvogn er der et nyt, sp\u00e6ndende k\u00f8ret\u00f8j og en trailer til bworld-verdenen. RAM Power Wagon er fuld af kr\u00e6fter med en effekt p\u00e5 op til 410 hk og firehjulstr\u00e6k til at tage racerbilen til racerbanen med lethed. Alle fire d\u00f8re p\u00e5 denne pick-up truck kan  \u00e5bnes, og den gennempr\u00f8vede ratforl\u00e6ngelse betyder, at k\u00f8ret\u00f8jet nemt kan man\u00f8vreres. Transporttraileren har en vippeplatform, hjulklodser og et kabelspil til sikker transport og lastning af k\u00f8ret\u00f8jet. Roadsteren har et aftageligt tag, hvorigennem den lukkede racerk\u00f8rer kan s\u00e6ttes bag rattet. Sportsvognen er blevet udstyret med det nye BRUDER hjulskiftesystem. Vi har vedlagt et stort m\u00e6rkatark med mange muligheder for unge racerk\u00f8rere til individuelt at designe deres racer.<\/p>\n","protected":false},"excerpt":{"rendered":"<p>Bruder Dodge Ram 2500 Power Wagon og Bruder Roadster.<br \/>\nMed RAM Power Wagon inklusive tunet Bruder Racing Team-sportsvogn er der et nyt, sp\u00e6ndende k\u00f8ret\u00f8j og en trailer til bworld-verdenen. RAM Power Wagon er fuld af kr\u00e6fter med en effekt p\u00e5 op til 410 hk og firehjulstr\u00e6k til at tage racerbilen til racerbanen med lethed<\/p>\n","protected":false},"featured_media":0,"template":"","meta":{"content-type":"","_monsterinsights_skip_tracking":false,"_monsterinsights_sitenote_active":false,"_monsterinsights_sitenote_note":"","_monsterinsights_sitenote_category":0},"product_brand":[],"product_cat":[1498],"product_tag":[],"brand":[],"target-group":[],"discontinued":[],"class_list":{"0":"post-785944","1":"product","2":"type-product","3":"status-publish","5":"product_cat-bruder-legetoej","7":"first","8":"outofstock","9":"taxable","10":"shipping-taxable","11":"product-type-simple"},"aioseo_notices":[],"_links":{"self":[{"href":"https:\/\/games.tactic.net\/da\/wp-json\/wp\/v2\/product\/785944","targetHints":{"allow":["GET"]}}],"collection":[{"href":"https:\/\/games.tactic.net\/da\/wp-json\/wp\/v2\/product"}],"about":[{"href":"https:\/\/games.tactic.net\/da\/wp-json\/wp\/v2\/types\/product"}],"wp:attachment":[{"href":"https:\/\/games.tactic.net\/da\/wp-json\/wp\/v2\/media?parent=785944"}],"wp:term":[{"taxonomy":"product_brand","embeddable":true,"href":"https:\/\/games.tactic.net\/da\/wp-json\/wp\/v2\/product_brand?post=785944"},{"taxonomy":"product_cat","embeddable":true,"href":"https:\/\/games.tactic.net\/da\/wp-json\/wp\/v2\/product_cat?post=785944"},{"taxonomy":"product_tag","embeddable":true,"href":"https:\/\/games.tactic.net\/da\/wp-json\/wp\/v2\/product_tag?post=785944"},{"taxonomy":"brand","embeddable":true,"href":"https:\/\/games.tactic.net\/da\/wp-json\/wp\/v2\/brand?post=785944"},{"taxonomy":"target-group","embeddable":true,"href":"https:\/\/games.tactic.net\/da\/wp-json\/wp\/v2\/target-group?post=785944"},{"taxonomy":"discontinued","embeddable":true,"href":"https:\/\/games.tactic.net\/da\/wp-json\/wp\/v2\/discontinued?post=785944"}],"curies":[{"name":"wp","href":"https:\/\/api.w.org\/{rel}","templated":true}]}}