{"id":785900,"date":"2023-09-20T18:05:25","date_gmt":"2023-09-20T15:05:25","guid":{"rendered":"https:\/\/games.tactic.net\/tuote\/ram-2500-power-wagon\/"},"modified":"2023-10-20T16:56:07","modified_gmt":"2023-10-20T13:56:07","slug":"ram-2500-power-wagon","status":"publish","type":"product","link":"https:\/\/games.tactic.net\/da\/tuote\/ram-2500-power-wagon\/","title":{"rendered":"Bruder Dodge Ram 2500 Power Wagon toy"},"content":{"rendered":"<p>I ordets sande betydning er RAM 2500 Power Wagon en kraftig pick-up truck fra RAM Trucks. Dens holdbarhed og offroad-egenskaber er legendariske og unikke den dag i dag. Dette k\u00f8ret\u00f8j er ogs\u00e5 meget imponerende med hensyn til output. Dens V8 HEMI-motor yder 410 HK og genererer et drejningsmoment p\u00e5 582 Newtonmeter. Dette kraftfulde k\u00f8ret\u00f8j med sl\u00e5ende Power Wagon-design er nu blevet tilf\u00f8jet til BRUDER-serien. Ligesom den \u00e6gte vare har leget\u00f8jet en mandskabskabine med fire d\u00f8re. Alle d\u00f8re kan \u00e5bnes og k\u00f8ret\u00f8jet kan rumme fire bworld-figurer. Denne model i en skala p\u00e5 1:16 har affjedring p\u00e5 begge aksler for at give k\u00f8rekomfort og terr\u00e6negenskaber. I denne sammenh\u00e6ng kan forakslen styres ved hj\u00e6lp af den medf\u00f8lgende ratforl\u00e6nger. Bagklappen \u00e5bner for transport af l\u00e6s, og l\u00e6sseomr\u00e5det giver plads til BRUDER paller, pallebure eller halmballer (tilbeh\u00f8r 02415\/02342 med flg ikke). Det kan anbefales at tilk\u00f8be lys- og lydmodul (tilbeh\u00f8r 02802), dette  kan monteres efter at have \u00e5bnet soltaget for at g\u00f8re det ekstra hyggeligt.<\/p>\n","protected":false},"excerpt":{"rendered":"<p>Bruder Dodge Ram 2500 Power Wagon<br \/>\nI ordets sande betydning er RAM 2500 Power Wagon en kraftig pick-up truck fra RAM Trucks. Dens holdbarhed og offroad-egenskaber er legendariske og unikke den dag i dag. Dette k\u00f8ret\u00f8j er ogs\u00e5 meget imponerende med hensyn til output. Dens V8 HEMI-motor yder 410 HK og genererer et drejningsmoment p\u00e5 582 Newtonmeter<\/p>\n","protected":false},"featured_media":0,"template":"","meta":{"content-type":"","_monsterinsights_skip_tracking":false,"_monsterinsights_sitenote_active":false,"_monsterinsights_sitenote_note":"","_monsterinsights_sitenote_category":0},"product_brand":[],"product_cat":[1498],"product_tag":[],"brand":[],"target-group":[],"discontinued":[],"class_list":{"0":"post-785900","1":"product","2":"type-product","3":"status-publish","5":"product_cat-bruder-legetoej","7":"first","8":"instock","9":"taxable","10":"shipping-taxable","11":"product-type-simple"},"aioseo_notices":[],"_links":{"self":[{"href":"https:\/\/games.tactic.net\/da\/wp-json\/wp\/v2\/product\/785900","targetHints":{"allow":["GET"]}}],"collection":[{"href":"https:\/\/games.tactic.net\/da\/wp-json\/wp\/v2\/product"}],"about":[{"href":"https:\/\/games.tactic.net\/da\/wp-json\/wp\/v2\/types\/product"}],"wp:attachment":[{"href":"https:\/\/games.tactic.net\/da\/wp-json\/wp\/v2\/media?parent=785900"}],"wp:term":[{"taxonomy":"product_brand","embeddable":true,"href":"https:\/\/games.tactic.net\/da\/wp-json\/wp\/v2\/product_brand?post=785900"},{"taxonomy":"product_cat","embeddable":true,"href":"https:\/\/games.tactic.net\/da\/wp-json\/wp\/v2\/product_cat?post=785900"},{"taxonomy":"product_tag","embeddable":true,"href":"https:\/\/games.tactic.net\/da\/wp-json\/wp\/v2\/product_tag?post=785900"},{"taxonomy":"brand","embeddable":true,"href":"https:\/\/games.tactic.net\/da\/wp-json\/wp\/v2\/brand?post=785900"},{"taxonomy":"target-group","embeddable":true,"href":"https:\/\/games.tactic.net\/da\/wp-json\/wp\/v2\/target-group?post=785900"},{"taxonomy":"discontinued","embeddable":true,"href":"https:\/\/games.tactic.net\/da\/wp-json\/wp\/v2\/discontinued?post=785900"}],"curies":[{"name":"wp","href":"https:\/\/api.w.org\/{rel}","templated":true}]}}