{"id":785770,"date":"2023-09-20T18:04:00","date_gmt":"2023-09-20T15:04:00","guid":{"rendered":"https:\/\/games.tactic.net\/tuote\/prinoth-snow-groomer-leitwolf\/"},"modified":"2023-10-20T16:53:10","modified_gmt":"2023-10-20T13:53:10","slug":"prinoth-snow-groomer-leitwolf","status":"publish","type":"product","link":"https:\/\/games.tactic.net\/da\/tuote\/prinoth-snow-groomer-leitwolf\/","title":{"rendered":"Bruder Prinoth Leitwolf Snow groomer toy"},"content":{"rendered":"<p>Med en effekt p\u00e5 530 hk dominerer LEITWOLF scenen som den ubestridte top af sne k\u00f8ret\u00f8jer. Dens sekscylindrede dieselmotor genererer et drejningsmoment p\u00e5 2.460 Nm og forener styrke med sikkerhed &#8211; absolut p\u00e5lidelig i enhver ekstrem situation p\u00e5 bjerget. Takket v\u00e6re dets h\u00f8je fleksibilitetsniveau fungerer LEITWOLF effektivt og b\u00e6redygtigt. Dette imponerende k\u00f8ret\u00f8j er nu blevet tilf\u00f8jet til det omfattende BRUDER-sortiment som en ny model i skalaen 1:16. Dette leget\u00f8j overbeviser med ekstraordin\u00e6re detaljeringsniveauer og et stort funktionelt omfang. Den imponerende master klinge er h\u00f8jdejusterbart, drejeligt og har justerbare udvendige klinger for maksimalt rydningsresultat. Takket v\u00e6re \u00e5bne d\u00f8re har bworld-figurer som ekstraudstyr adgang til det imponerende f\u00f8rerhus. Den detaljerede, kraftfulde sneslynge bagtil er h\u00f8jdejusterbar og har et roterende pumpehjul. Sneslyngen er ogs\u00e5 drejelig og har justerbare udvendige klinger. Et absolut h\u00f8jdepunkt for enhver ung vintersportselsker og tro mod BRUDERs motto &#8220;ligesom den \u00e6gte vare&#8221;.<\/p>\n","protected":false},"excerpt":{"rendered":"<p>Bruder Prinoth Leitwolf sne k\u00f8ret\u00f8j med larvef\u00f8dder. Dette k\u00f8ret\u00f8j har b\u00e5de sne plov og sne slynge.<\/p>\n","protected":false},"featured_media":0,"template":"","meta":{"content-type":"","_monsterinsights_skip_tracking":false,"_monsterinsights_sitenote_active":false,"_monsterinsights_sitenote_note":"","_monsterinsights_sitenote_category":0},"product_brand":[],"product_cat":[1498],"product_tag":[],"brand":[],"target-group":[],"discontinued":[],"class_list":{"0":"post-785770","1":"product","2":"type-product","3":"status-publish","5":"product_cat-bruder-legetoej","7":"first","8":"instock","9":"taxable","10":"shipping-taxable","11":"product-type-simple"},"aioseo_notices":[],"_links":{"self":[{"href":"https:\/\/games.tactic.net\/da\/wp-json\/wp\/v2\/product\/785770","targetHints":{"allow":["GET"]}}],"collection":[{"href":"https:\/\/games.tactic.net\/da\/wp-json\/wp\/v2\/product"}],"about":[{"href":"https:\/\/games.tactic.net\/da\/wp-json\/wp\/v2\/types\/product"}],"wp:attachment":[{"href":"https:\/\/games.tactic.net\/da\/wp-json\/wp\/v2\/media?parent=785770"}],"wp:term":[{"taxonomy":"product_brand","embeddable":true,"href":"https:\/\/games.tactic.net\/da\/wp-json\/wp\/v2\/product_brand?post=785770"},{"taxonomy":"product_cat","embeddable":true,"href":"https:\/\/games.tactic.net\/da\/wp-json\/wp\/v2\/product_cat?post=785770"},{"taxonomy":"product_tag","embeddable":true,"href":"https:\/\/games.tactic.net\/da\/wp-json\/wp\/v2\/product_tag?post=785770"},{"taxonomy":"brand","embeddable":true,"href":"https:\/\/games.tactic.net\/da\/wp-json\/wp\/v2\/brand?post=785770"},{"taxonomy":"target-group","embeddable":true,"href":"https:\/\/games.tactic.net\/da\/wp-json\/wp\/v2\/target-group?post=785770"},{"taxonomy":"discontinued","embeddable":true,"href":"https:\/\/games.tactic.net\/da\/wp-json\/wp\/v2\/discontinued?post=785770"}],"curies":[{"name":"wp","href":"https:\/\/api.w.org\/{rel}","templated":true}]}}