{"id":785767,"date":"2023-09-20T18:03:16","date_gmt":"2023-09-20T15:03:16","guid":{"rendered":"https:\/\/games.tactic.net\/tuote\/new-holland-t7-315\/"},"modified":"2023-10-20T16:52:09","modified_gmt":"2023-10-20T13:52:09","slug":"new-holland-t7-315","status":"publish","type":"product","link":"https:\/\/games.tactic.net\/da\/tuote\/new-holland-t7-315\/","title":{"rendered":"Bruder New Holland T7.315 traktor leget\u00f8j"},"content":{"rendered":"<p>Moderne landbrug kr\u00e6ver st\u00e6rke traktorer. New Holland T7 Heavy Duty er udviklet til fleksibilitet og kraft og leverer 313 hk til tungt udstyr. Den kan tr\u00e6kke, jordbearbejde, presse baller og transportere. BRUDERs 1:16-model lever op til mottoet \u201cjust like the real thing\u201d: fuldt glaseret kabine med \u00e5bne d\u00f8re, \u00e5bnende motorhjelm, pendulaksel og styreforl\u00e6nger gennem taget. Kan opgraderes med p\u00e5s\u00e6tnings-frontl\u00e6sser (nr. 03333). H\u00f8jdejusterbart tr\u00e6k passer til alle Professional-trailere, og de nye aftagelige hjul \u00f8ger legegl\u00e6den. Workshop-figurs\u00e6t (nr. 62100) er et perfekt tilk\u00f8b.<\/p>\n","protected":false},"excerpt":{"rendered":"<p>New Holland T7.315: 313 hk til tunge opgaver som jordbearbejdning og transport. Kan kombineres med BRUDER\u2019s v\u00e6rkstedsfigur-s\u00e6t for endnu mere leg.<\/p>\n","protected":false},"featured_media":0,"template":"","meta":{"content-type":"","_monsterinsights_skip_tracking":false,"_monsterinsights_sitenote_active":false,"_monsterinsights_sitenote_note":"","_monsterinsights_sitenote_category":0},"product_brand":[],"product_cat":[1498],"product_tag":[],"brand":[],"target-group":[],"discontinued":[],"class_list":{"0":"post-785767","1":"product","2":"type-product","3":"status-publish","5":"product_cat-bruder-legetoej","7":"first","8":"instock","9":"taxable","10":"shipping-taxable","11":"product-type-simple"},"aioseo_notices":[],"_links":{"self":[{"href":"https:\/\/games.tactic.net\/da\/wp-json\/wp\/v2\/product\/785767","targetHints":{"allow":["GET"]}}],"collection":[{"href":"https:\/\/games.tactic.net\/da\/wp-json\/wp\/v2\/product"}],"about":[{"href":"https:\/\/games.tactic.net\/da\/wp-json\/wp\/v2\/types\/product"}],"wp:attachment":[{"href":"https:\/\/games.tactic.net\/da\/wp-json\/wp\/v2\/media?parent=785767"}],"wp:term":[{"taxonomy":"product_brand","embeddable":true,"href":"https:\/\/games.tactic.net\/da\/wp-json\/wp\/v2\/product_brand?post=785767"},{"taxonomy":"product_cat","embeddable":true,"href":"https:\/\/games.tactic.net\/da\/wp-json\/wp\/v2\/product_cat?post=785767"},{"taxonomy":"product_tag","embeddable":true,"href":"https:\/\/games.tactic.net\/da\/wp-json\/wp\/v2\/product_tag?post=785767"},{"taxonomy":"brand","embeddable":true,"href":"https:\/\/games.tactic.net\/da\/wp-json\/wp\/v2\/brand?post=785767"},{"taxonomy":"target-group","embeddable":true,"href":"https:\/\/games.tactic.net\/da\/wp-json\/wp\/v2\/target-group?post=785767"},{"taxonomy":"discontinued","embeddable":true,"href":"https:\/\/games.tactic.net\/da\/wp-json\/wp\/v2\/discontinued?post=785767"}],"curies":[{"name":"wp","href":"https:\/\/api.w.org\/{rel}","templated":true}]}}