{"id":785595,"date":"2023-09-20T17:57:11","date_gmt":"2023-09-20T14:57:11","guid":{"rendered":"https:\/\/games.tactic.net\/tuote\/man-tgs-side-loading-garbage-truck\/"},"modified":"2023-10-20T16:41:26","modified_gmt":"2023-10-20T13:41:26","slug":"man-tgs-side-loading-garbage-truck","status":"publish","type":"product","link":"https:\/\/games.tactic.net\/da\/tuote\/man-tgs-side-loading-garbage-truck\/","title":{"rendered":"Bruder MAN TGS Sidel\u00e6ssende skraldevogn leget\u00f8j"},"content":{"rendered":"<p>MAN TGS er det perfekte allround-k\u00f8ret\u00f8j til byggepladser, langdistancek\u00f8rsel og lokal distribution. Takket v\u00e6re den robuste konstruktion, st\u00e6rke motorer og h\u00f8j nyttelast er denne lastbil prototypen p\u00e5 \u201callrounderen\u201d med masser af innovationer ombord. Nu er fl\u00e5den udvidet med en moderne sidel\u00e6sser-skraldebil. En l\u00f8ftearm k\u00f8rer ud i siden, griber skraldespandene og t\u00f8mmer dem uden behov for en ekstra person. To snekkekomprimatorer flytter affaldet bagud inde i ladet. N\u00e5r bagklappen \u00e5bnes, kan ladet vippes for at t\u00f8mme k\u00f8ret\u00f8jet. Vores sm\u00e5 skraldespande fra s\u00e6t 02607 passer perfekt. Med denne detaljerede model kan b\u00f8rn realistisk opdage affaldsindsamling og genbrug \u2013 \u201cligesom i virkeligheden\u201d.<\/p>\n","protected":false},"excerpt":{"rendered":"<p>Denne detaljerede MAN TGS sideloading renovationsbil giver b\u00f8rn realistisk indblik i affaldsindsamling og genbrug \u2013 pr\u00e6cis som i virkeligheden. \u00c6gte BRUDER kvalitet.<\/p>\n","protected":false},"featured_media":0,"template":"","meta":{"content-type":"","_monsterinsights_skip_tracking":false,"_monsterinsights_sitenote_active":false,"_monsterinsights_sitenote_note":"","_monsterinsights_sitenote_category":0},"product_brand":[],"product_cat":[1498],"product_tag":[],"brand":[],"target-group":[],"discontinued":[],"class_list":{"0":"post-785595","1":"product","2":"type-product","3":"status-publish","5":"product_cat-bruder-legetoej","7":"first","8":"instock","9":"taxable","10":"shipping-taxable","11":"product-type-simple"},"aioseo_notices":[],"_links":{"self":[{"href":"https:\/\/games.tactic.net\/da\/wp-json\/wp\/v2\/product\/785595","targetHints":{"allow":["GET"]}}],"collection":[{"href":"https:\/\/games.tactic.net\/da\/wp-json\/wp\/v2\/product"}],"about":[{"href":"https:\/\/games.tactic.net\/da\/wp-json\/wp\/v2\/types\/product"}],"wp:attachment":[{"href":"https:\/\/games.tactic.net\/da\/wp-json\/wp\/v2\/media?parent=785595"}],"wp:term":[{"taxonomy":"product_brand","embeddable":true,"href":"https:\/\/games.tactic.net\/da\/wp-json\/wp\/v2\/product_brand?post=785595"},{"taxonomy":"product_cat","embeddable":true,"href":"https:\/\/games.tactic.net\/da\/wp-json\/wp\/v2\/product_cat?post=785595"},{"taxonomy":"product_tag","embeddable":true,"href":"https:\/\/games.tactic.net\/da\/wp-json\/wp\/v2\/product_tag?post=785595"},{"taxonomy":"brand","embeddable":true,"href":"https:\/\/games.tactic.net\/da\/wp-json\/wp\/v2\/brand?post=785595"},{"taxonomy":"target-group","embeddable":true,"href":"https:\/\/games.tactic.net\/da\/wp-json\/wp\/v2\/target-group?post=785595"},{"taxonomy":"discontinued","embeddable":true,"href":"https:\/\/games.tactic.net\/da\/wp-json\/wp\/v2\/discontinued?post=785595"}],"curies":[{"name":"wp","href":"https:\/\/api.w.org\/{rel}","templated":true}]}}