{"id":785101,"date":"2023-09-20T17:54:58","date_gmt":"2023-09-20T14:54:58","guid":{"rendered":"https:\/\/games.tactic.net\/tuote\/livestock-trailer-with-1-cow\/"},"modified":"2023-10-20T16:20:19","modified_gmt":"2023-10-20T13:20:19","slug":"livestock-trailer-with-1-cow","status":"publish","type":"product","link":"https:\/\/games.tactic.net\/da\/tuote\/livestock-trailer-with-1-cow\/","title":{"rendered":"Bruder Livestock trailer with 1 cow toy"},"content":{"rendered":"<p>Om for\u00e5ret kommer mange kv\u00e6gbes\u00e6tninger ud p\u00e5 gr\u00e6s marker, hvor de tilbringer sommeren. Til dette form\u00e5l har landm\u00e6ndene brug for specielle kv\u00e6gtrailere for at sikre passende transportforhold for dyrene. En s\u00e5dan alsidig kv\u00e6gtransporttrailer er nu blevet tilf\u00f8jet til BRUDER-sortimentet. Ligesom originalen kan vores model i skala 1:16 s\u00e6nke sin platform for at lette (af)l\u00e6ssning af dyrene og har en l\u00e5ge. Presenningen og d\u00f8rene er nemme at \u00e5bne, og traileren er kompatibel med alle traktorer og k\u00f8ret\u00f8jer med standard anh\u00e6ngerkobling. En ko er allerede inkluderet i pakken, traileren giver plads til i alt seks dyr fra vores udvalg af tilbeh\u00f8r (varenr. 2308, 2309 og 2306)<\/p>\n","protected":false},"excerpt":{"rendered":"<p>Bruder kv\u00e6gtransport  trailer med 1 stk ko.<\/p>\n","protected":false},"featured_media":0,"template":"","meta":{"content-type":"","_monsterinsights_skip_tracking":false,"_monsterinsights_sitenote_active":false,"_monsterinsights_sitenote_note":"","_monsterinsights_sitenote_category":0},"product_brand":[],"product_cat":[1498],"product_tag":[],"brand":[],"target-group":[],"discontinued":[],"class_list":{"0":"post-785101","1":"product","2":"type-product","3":"status-publish","5":"product_cat-bruder-legetoej","7":"first","8":"instock","9":"taxable","10":"shipping-taxable","11":"product-type-simple"},"aioseo_notices":[],"_links":{"self":[{"href":"https:\/\/games.tactic.net\/da\/wp-json\/wp\/v2\/product\/785101","targetHints":{"allow":["GET"]}}],"collection":[{"href":"https:\/\/games.tactic.net\/da\/wp-json\/wp\/v2\/product"}],"about":[{"href":"https:\/\/games.tactic.net\/da\/wp-json\/wp\/v2\/types\/product"}],"wp:attachment":[{"href":"https:\/\/games.tactic.net\/da\/wp-json\/wp\/v2\/media?parent=785101"}],"wp:term":[{"taxonomy":"product_brand","embeddable":true,"href":"https:\/\/games.tactic.net\/da\/wp-json\/wp\/v2\/product_brand?post=785101"},{"taxonomy":"product_cat","embeddable":true,"href":"https:\/\/games.tactic.net\/da\/wp-json\/wp\/v2\/product_cat?post=785101"},{"taxonomy":"product_tag","embeddable":true,"href":"https:\/\/games.tactic.net\/da\/wp-json\/wp\/v2\/product_tag?post=785101"},{"taxonomy":"brand","embeddable":true,"href":"https:\/\/games.tactic.net\/da\/wp-json\/wp\/v2\/brand?post=785101"},{"taxonomy":"target-group","embeddable":true,"href":"https:\/\/games.tactic.net\/da\/wp-json\/wp\/v2\/target-group?post=785101"},{"taxonomy":"discontinued","embeddable":true,"href":"https:\/\/games.tactic.net\/da\/wp-json\/wp\/v2\/discontinued?post=785101"}],"curies":[{"name":"wp","href":"https:\/\/api.w.org\/{rel}","templated":true}]}}