{"id":785097,"date":"2023-09-20T17:53:42","date_gmt":"2023-09-20T14:53:42","guid":{"rendered":"https:\/\/games.tactic.net\/tuote\/john-deere-wrapping-baler-c441r\/"},"modified":"2023-10-20T16:07:10","modified_gmt":"2023-10-20T13:07:10","slug":"john-deere-wrapping-baler-c441r","status":"publish","type":"product","link":"https:\/\/games.tactic.net\/da\/tuote\/john-deere-wrapping-baler-c441r\/","title":{"rendered":"Bruder John Deere C441R round bales press toy"},"content":{"rendered":"<p>John Deere har v\u00e6ret kendt for mere end blot sine traktorer, for eksempel ogs\u00e5 sine innovative h\u00f8stmaskiner. C441R kombinationspressen er et ideelt v\u00e6rkt\u00f8j til at h\u00f8ste halm og h\u00f8. Takket v\u00e6re banebrydende presning og transport\u00f8rteknologi producerer denne kombination af presning og indpakning op til 60 baller i timen. Denne h\u00f8stmaskine er en ny tilf\u00f8jelse til BRUDERs verden med landbrugstema. I denne sammenh\u00e6ng fokuserede vi igen p\u00e5 maksimale detaljerings- og funktionalitetsniveauer. Den funktionelle pickup er mobil og h\u00f8jdejusterbar. Takket v\u00e6re klappen p\u00e5 toppen kan landmanden inds\u00e6tte de medf\u00f8lgende halmballer. Med udviklingen af \u200b\u200bdet nye transport\u00f8rsystem kan halmballer transporteres fra pressekammeret til indpakningsenheden, og den roterende filmindpakning fuldender h\u00f8stprocessen. For endnu mere lighed med originalen inkluderer s\u00e6ttet ogs\u00e5 en indpakket halmballe. Denne fantastiske, nye model fra BRUDER er kompatibel med alle traktorer i 2000- og 3000-serien. Tilf\u00f8j rundballetilbeh\u00f8ret (varenr. 02345) for at g\u00f8re det endnu sjovere.<\/p>\n","protected":false},"excerpt":{"rendered":"<p>Bruder John Deere C441R rund balle presser<\/p>\n","protected":false},"featured_media":0,"template":"","meta":{"content-type":"","_monsterinsights_skip_tracking":false,"_monsterinsights_sitenote_active":false,"_monsterinsights_sitenote_note":"","_monsterinsights_sitenote_category":0},"product_brand":[],"product_cat":[1498],"product_tag":[],"brand":[],"target-group":[],"discontinued":[],"class_list":{"0":"post-785097","1":"product","2":"type-product","3":"status-publish","5":"product_cat-bruder-legetoej","7":"first","8":"instock","9":"taxable","10":"shipping-taxable","11":"product-type-simple"},"aioseo_notices":[],"_links":{"self":[{"href":"https:\/\/games.tactic.net\/da\/wp-json\/wp\/v2\/product\/785097","targetHints":{"allow":["GET"]}}],"collection":[{"href":"https:\/\/games.tactic.net\/da\/wp-json\/wp\/v2\/product"}],"about":[{"href":"https:\/\/games.tactic.net\/da\/wp-json\/wp\/v2\/types\/product"}],"wp:attachment":[{"href":"https:\/\/games.tactic.net\/da\/wp-json\/wp\/v2\/media?parent=785097"}],"wp:term":[{"taxonomy":"product_brand","embeddable":true,"href":"https:\/\/games.tactic.net\/da\/wp-json\/wp\/v2\/product_brand?post=785097"},{"taxonomy":"product_cat","embeddable":true,"href":"https:\/\/games.tactic.net\/da\/wp-json\/wp\/v2\/product_cat?post=785097"},{"taxonomy":"product_tag","embeddable":true,"href":"https:\/\/games.tactic.net\/da\/wp-json\/wp\/v2\/product_tag?post=785097"},{"taxonomy":"brand","embeddable":true,"href":"https:\/\/games.tactic.net\/da\/wp-json\/wp\/v2\/brand?post=785097"},{"taxonomy":"target-group","embeddable":true,"href":"https:\/\/games.tactic.net\/da\/wp-json\/wp\/v2\/target-group?post=785097"},{"taxonomy":"discontinued","embeddable":true,"href":"https:\/\/games.tactic.net\/da\/wp-json\/wp\/v2\/discontinued?post=785097"}],"curies":[{"name":"wp","href":"https:\/\/api.w.org\/{rel}","templated":true}]}}