{"id":785087,"date":"2023-09-20T17:52:11","date_gmt":"2023-09-20T14:52:11","guid":{"rendered":"https:\/\/games.tactic.net\/tuote\/john-deere-5115-m-with-tipping-trailer\/"},"modified":"2023-10-20T16:03:01","modified_gmt":"2023-10-20T13:03:01","slug":"john-deere-5115-m-with-tipping-trailer","status":"publish","type":"product","link":"https:\/\/games.tactic.net\/da\/tuote\/john-deere-5115-m-with-tipping-trailer\/","title":{"rendered":"Bruder John Deere 5115M tractor with tipping trailer toy"},"content":{"rendered":"<p>John Deere 5115M er stjernen i kompakttraktorklassen p\u00e5 g\u00e5rden. Den store f\u00f8rerkabine skiller sig ud med masser af plads til f\u00f8rere at bev\u00e6ge sig rundt i. Kraftfuld og effektiv motor. Fleksibilitet er dens s\u00e6rlige kendetegn. Uanset om traktoren transporterer varer p\u00e5 vejen eller bruges med tilbeh\u00f8r p\u00e5 marken, vil denne traktors ydeevne altid bekr\u00e6fte, at du traf det rigtige valg. Leget\u00f8jet er ingen undtagelse. Som s\u00e6dvanlig g\u00f8r modeltypens design, kombineret med holdbarhed og alsidige funktioner, det kompatibelt med det store udvalg af BRUDER landbrugsenheder. Dens styring g\u00f8r den adr\u00e6t, og en ekstra tr\u00e6kstang tillader styring gennem det skydbare tag, ligesom de store BRUDER-modeller. Tandemakseltrailer er den ideelle f\u00f8lgesvend med sin vippeplatform og foldbare sideporte. Denne tiltalende og konkurrencedygtigt prissatte traktor og tandemtransporttrailer er det ideelle supplement til bworld-temaverdener.<\/p>\n","protected":false},"excerpt":{"rendered":"<p>Bruder John Deere 5115 M med tipvogn<\/p>\n","protected":false},"featured_media":0,"template":"","meta":{"content-type":"","_monsterinsights_skip_tracking":false,"_monsterinsights_sitenote_active":false,"_monsterinsights_sitenote_note":"","_monsterinsights_sitenote_category":0},"product_brand":[],"product_cat":[1498],"product_tag":[],"brand":[],"target-group":[],"discontinued":[],"class_list":{"0":"post-785087","1":"product","2":"type-product","3":"status-publish","5":"product_cat-bruder-legetoej","7":"first","8":"instock","9":"taxable","10":"shipping-taxable","11":"product-type-simple"},"aioseo_notices":[],"_links":{"self":[{"href":"https:\/\/games.tactic.net\/da\/wp-json\/wp\/v2\/product\/785087","targetHints":{"allow":["GET"]}}],"collection":[{"href":"https:\/\/games.tactic.net\/da\/wp-json\/wp\/v2\/product"}],"about":[{"href":"https:\/\/games.tactic.net\/da\/wp-json\/wp\/v2\/types\/product"}],"wp:attachment":[{"href":"https:\/\/games.tactic.net\/da\/wp-json\/wp\/v2\/media?parent=785087"}],"wp:term":[{"taxonomy":"product_brand","embeddable":true,"href":"https:\/\/games.tactic.net\/da\/wp-json\/wp\/v2\/product_brand?post=785087"},{"taxonomy":"product_cat","embeddable":true,"href":"https:\/\/games.tactic.net\/da\/wp-json\/wp\/v2\/product_cat?post=785087"},{"taxonomy":"product_tag","embeddable":true,"href":"https:\/\/games.tactic.net\/da\/wp-json\/wp\/v2\/product_tag?post=785087"},{"taxonomy":"brand","embeddable":true,"href":"https:\/\/games.tactic.net\/da\/wp-json\/wp\/v2\/brand?post=785087"},{"taxonomy":"target-group","embeddable":true,"href":"https:\/\/games.tactic.net\/da\/wp-json\/wp\/v2\/target-group?post=785087"},{"taxonomy":"discontinued","embeddable":true,"href":"https:\/\/games.tactic.net\/da\/wp-json\/wp\/v2\/discontinued?post=785087"}],"curies":[{"name":"wp","href":"https:\/\/api.w.org\/{rel}","templated":true}]}}