{"id":784872,"date":"2023-09-20T17:49:59","date_gmt":"2023-09-20T14:49:59","guid":{"rendered":"https:\/\/games.tactic.net\/tuote\/jcb-5cx-eco-backhoe-loader\/"},"modified":"2023-10-20T15:55:04","modified_gmt":"2023-10-20T12:55:04","slug":"jcb-5cx-eco-backhoe-loader","status":"publish","type":"product","link":"https:\/\/games.tactic.net\/da\/tuote\/jcb-5cx-eco-backhoe-loader\/","title":{"rendered":"Bruder JCB 5CX eco Backhoe loader toy"},"content":{"rendered":"<p>JCB 5CX \u00f8ko rendegraver er et sandt multitalent. Ud over den vipbare, l\u00e5sende og udskiftelige frontl\u00e6sserskovl er rendegraveren ogs\u00e5 udstyret med en fuldt funktionel bagerste skovlgraver med to st\u00f8tteben til at stabilisere k\u00f8ret\u00f8jet og muligg\u00f8re enhver graveopgave. Frontl\u00e6sserarmen er forbundet med en enh\u00e5ndsbetjeningsmekanisme og har en smart placeret udl\u00f8serknap. Takket v\u00e6re det drejelige f\u00f8rers\u00e6de og den \u00e5bne bagrude kan de tilg\u00e6ngelige BRUDER bygningsarbejdere styre alle rendegraverens funktioner. Fuld kontrol over JCB&#8217;en, selv efter at have placeret bygningsarbejderen ved hj\u00e6lp af en af \u200b\u200bto \u00e5bne kabined\u00f8re takket v\u00e6re den ekstra BRUDER-tr\u00e6kled, monteret gennem taglugen. Firehjulsstyring sikrer ogs\u00e5 en sn\u00e6ver vendecirkel. Ud over slidbaned\u00e6k er JCB 5CX eco rendegraveren ogs\u00e5 udstyret med en off-road foraksel for at sikre tr\u00e6kkraft p\u00e5 n\u00e6sten enhver overflade. Opbevar blot det ekstra tr\u00e6kled i k\u00f8ret\u00f8jets undervogn, n\u00e5r arbejdet er udf\u00f8rt.<\/p>\n","protected":false},"excerpt":{"rendered":"<p>The JCB 5CX eco backhoe loader is a true multi-talent. In addition to the tilting, locking and changeable front loader bucket, the backhoe loader is also equipped with a fully functional rear bucket excavator featuring two outriggers to stabilise the vehicle and enable any excavating task.<\/p>\n","protected":false},"featured_media":0,"template":"","meta":{"content-type":"","_monsterinsights_skip_tracking":false,"_monsterinsights_sitenote_active":false,"_monsterinsights_sitenote_note":"","_monsterinsights_sitenote_category":0},"product_brand":[],"product_cat":[1498],"product_tag":[],"brand":[],"target-group":[],"discontinued":[],"class_list":{"0":"post-784872","1":"product","2":"type-product","3":"status-publish","5":"product_cat-bruder-legetoej","7":"first","8":"instock","9":"taxable","10":"shipping-taxable","11":"product-type-simple"},"aioseo_notices":[],"_links":{"self":[{"href":"https:\/\/games.tactic.net\/da\/wp-json\/wp\/v2\/product\/784872","targetHints":{"allow":["GET"]}}],"collection":[{"href":"https:\/\/games.tactic.net\/da\/wp-json\/wp\/v2\/product"}],"about":[{"href":"https:\/\/games.tactic.net\/da\/wp-json\/wp\/v2\/types\/product"}],"wp:attachment":[{"href":"https:\/\/games.tactic.net\/da\/wp-json\/wp\/v2\/media?parent=784872"}],"wp:term":[{"taxonomy":"product_brand","embeddable":true,"href":"https:\/\/games.tactic.net\/da\/wp-json\/wp\/v2\/product_brand?post=784872"},{"taxonomy":"product_cat","embeddable":true,"href":"https:\/\/games.tactic.net\/da\/wp-json\/wp\/v2\/product_cat?post=784872"},{"taxonomy":"product_tag","embeddable":true,"href":"https:\/\/games.tactic.net\/da\/wp-json\/wp\/v2\/product_tag?post=784872"},{"taxonomy":"brand","embeddable":true,"href":"https:\/\/games.tactic.net\/da\/wp-json\/wp\/v2\/brand?post=784872"},{"taxonomy":"target-group","embeddable":true,"href":"https:\/\/games.tactic.net\/da\/wp-json\/wp\/v2\/target-group?post=784872"},{"taxonomy":"discontinued","embeddable":true,"href":"https:\/\/games.tactic.net\/da\/wp-json\/wp\/v2\/discontinued?post=784872"}],"curies":[{"name":"wp","href":"https:\/\/api.w.org\/{rel}","templated":true}]}}