{"id":784304,"date":"2023-09-20T16:58:55","date_gmt":"2023-09-20T13:58:55","guid":{"rendered":"https:\/\/games.tactic.net\/tuote\/original-gaet-en-tegning\/"},"modified":"2023-09-20T16:58:55","modified_gmt":"2023-09-20T13:58:55","slug":"original-gaet-en-tegning","status":"archive","type":"product","link":"https:\/\/games.tactic.net\/da\/tuote\/original-gaet-en-tegning\/","title":{"rendered":"Tactic Tegn &#038; Gjett Original"},"content":{"rendered":"<p>G\u00e6t en tegning indeholder 1.800 ord i 6 forskellige kategorier, som skal tegnes. F\u00f8rste spiller i m\u00e5l vinder spillet.<\/p>\n","protected":false},"excerpt":{"rendered":"<p>G\u00e6t en tegning indeholder 1.800 ord i 6 forskellige kategorier, som skal tegnes. F\u00f8rste spiller i m\u00e5l vinder spillet.<\/p>\n","protected":false},"featured_media":0,"template":"","meta":{"content-type":"","_monsterinsights_skip_tracking":false,"_monsterinsights_sitenote_active":false,"_monsterinsights_sitenote_note":"","_monsterinsights_sitenote_category":0},"product_brand":[],"product_cat":[1455],"product_tag":[1228],"brand":[],"target-group":[],"discontinued":[],"class_list":{"0":"post-784304","1":"product","2":"type-product","3":"status-archive","5":"product_cat-braetspil","6":"product_tag-kreativitet-da","8":"first","9":"instock","10":"taxable","11":"shipping-taxable","12":"product-type-simple"},"aioseo_notices":[],"_links":{"self":[{"href":"https:\/\/games.tactic.net\/da\/wp-json\/wp\/v2\/product\/784304","targetHints":{"allow":["GET"]}}],"collection":[{"href":"https:\/\/games.tactic.net\/da\/wp-json\/wp\/v2\/product"}],"about":[{"href":"https:\/\/games.tactic.net\/da\/wp-json\/wp\/v2\/types\/product"}],"wp:attachment":[{"href":"https:\/\/games.tactic.net\/da\/wp-json\/wp\/v2\/media?parent=784304"}],"wp:term":[{"taxonomy":"product_brand","embeddable":true,"href":"https:\/\/games.tactic.net\/da\/wp-json\/wp\/v2\/product_brand?post=784304"},{"taxonomy":"product_cat","embeddable":true,"href":"https:\/\/games.tactic.net\/da\/wp-json\/wp\/v2\/product_cat?post=784304"},{"taxonomy":"product_tag","embeddable":true,"href":"https:\/\/games.tactic.net\/da\/wp-json\/wp\/v2\/product_tag?post=784304"},{"taxonomy":"brand","embeddable":true,"href":"https:\/\/games.tactic.net\/da\/wp-json\/wp\/v2\/brand?post=784304"},{"taxonomy":"target-group","embeddable":true,"href":"https:\/\/games.tactic.net\/da\/wp-json\/wp\/v2\/target-group?post=784304"},{"taxonomy":"discontinued","embeddable":true,"href":"https:\/\/games.tactic.net\/da\/wp-json\/wp\/v2\/discontinued?post=784304"}],"curies":[{"name":"wp","href":"https:\/\/api.w.org\/{rel}","templated":true}]}}