{"id":783520,"date":"2023-09-20T16:52:07","date_gmt":"2023-09-20T13:52:07","guid":{"rendered":"https:\/\/games.tactic.net\/tuote\/trendy-donkey-balance-game\/"},"modified":"2023-10-25T13:59:57","modified_gmt":"2023-10-25T10:59:57","slug":"trendy-donkey-balance-game","status":"publish","type":"product","link":"https:\/\/games.tactic.net\/da\/tuote\/trendy-donkey-balance-game\/","title":{"rendered":"Tactic Trendy Donkey Balance board game"},"content":{"rendered":"<p>Pak \u00e6slet! L\u00e6g \u00e9n pind ad gangen p\u00e5 \u00e6slet \u2013 men v\u00e6r forsigtig, for du skal samle de pinde op, der m\u00e5tte falde af. Dette klassiske spil kr\u00e6ver rolige h\u00e6nder, men det tilbyder uendelig sjov for spillere i alle aldre! &#8211; Leveres med alle spildele i tr\u00e6! &#8211; Et klassisk spilkoncept for personer i alle aldre.<\/p>\n","protected":false},"excerpt":{"rendered":"<p>Pak \u00e6slet! L\u00e6g \u00e9n pind ad gangen p\u00e5 \u00e6slet \u2013 men v\u00e6r forsigtig, for du skal samle de pinde op, der m\u00e5tte falde af. Dette klassiske spil kr\u00e6ver rolige h\u00e6nder, men det tilbyder uendelig sjov for spillere i alle aldre! &#8211; Leveres med alle spildele i tr\u00e6! &#8211; Et klassisk spilkoncept for personer i alle [&hellip;]<\/p>\n","protected":false},"featured_media":0,"template":"","meta":{"content-type":"","_monsterinsights_skip_tracking":false,"_monsterinsights_sitenote_active":false,"_monsterinsights_sitenote_note":"","_monsterinsights_sitenote_category":0},"product_brand":[],"product_cat":[1574],"product_tag":[],"brand":[],"target-group":[],"discontinued":[],"class_list":{"0":"post-783520","1":"product","2":"type-product","3":"status-publish","5":"product_cat-boerne-braetspil","7":"first","8":"instock","9":"taxable","10":"shipping-taxable","11":"product-type-simple"},"aioseo_notices":[],"_links":{"self":[{"href":"https:\/\/games.tactic.net\/da\/wp-json\/wp\/v2\/product\/783520","targetHints":{"allow":["GET"]}}],"collection":[{"href":"https:\/\/games.tactic.net\/da\/wp-json\/wp\/v2\/product"}],"about":[{"href":"https:\/\/games.tactic.net\/da\/wp-json\/wp\/v2\/types\/product"}],"wp:attachment":[{"href":"https:\/\/games.tactic.net\/da\/wp-json\/wp\/v2\/media?parent=783520"}],"wp:term":[{"taxonomy":"product_brand","embeddable":true,"href":"https:\/\/games.tactic.net\/da\/wp-json\/wp\/v2\/product_brand?post=783520"},{"taxonomy":"product_cat","embeddable":true,"href":"https:\/\/games.tactic.net\/da\/wp-json\/wp\/v2\/product_cat?post=783520"},{"taxonomy":"product_tag","embeddable":true,"href":"https:\/\/games.tactic.net\/da\/wp-json\/wp\/v2\/product_tag?post=783520"},{"taxonomy":"brand","embeddable":true,"href":"https:\/\/games.tactic.net\/da\/wp-json\/wp\/v2\/brand?post=783520"},{"taxonomy":"target-group","embeddable":true,"href":"https:\/\/games.tactic.net\/da\/wp-json\/wp\/v2\/target-group?post=783520"},{"taxonomy":"discontinued","embeddable":true,"href":"https:\/\/games.tactic.net\/da\/wp-json\/wp\/v2\/discontinued?post=783520"}],"curies":[{"name":"wp","href":"https:\/\/api.w.org\/{rel}","templated":true}]}}