{"id":782643,"date":"2023-09-20T16:13:47","date_gmt":"2023-09-20T13:13:47","guid":{"rendered":"https:\/\/games.tactic.net\/tuote\/forestry-worker-with-accessories\/"},"modified":"2023-10-11T09:49:37","modified_gmt":"2023-10-11T06:49:37","slug":"forestry-worker-with-accessories","status":"publish","type":"product","link":"https:\/\/games.tactic.net\/da\/tuote\/forestry-worker-with-accessories\/","title":{"rendered":"Bruder Skovarbejder med tilbeh\u00f8r leget\u00f8j"},"content":{"rendered":"<p>BRUDERs omfattende sortiment omfatter traktorer, trailere og skovudstyr. Som perfekt supplement findes figurer, der g\u00f8r legen mere realistisk. Skovarbejderen har hjelm med visir, motorsav og br\u00e6ndstofdunk. T\u00f8jet matcher hans virkelige pendant, og figurens hoved, arme og ben kan bev\u00e6ges. Med dette s\u00e6t kan b\u00f8rn lege realistiske skovarbejdsrutiner.<\/p>\n","protected":false},"excerpt":{"rendered":"<p>Skovarbejderen har realistisk t\u00f8j og udstyr som motorsav og dunk. Perfekt til at efterligne det daglige arbejde i skoven.<\/p>\n","protected":false},"featured_media":0,"template":"","meta":{"content-type":"","_monsterinsights_skip_tracking":false,"_monsterinsights_sitenote_active":false,"_monsterinsights_sitenote_note":"","_monsterinsights_sitenote_category":0},"product_brand":[],"product_cat":[1498],"product_tag":[],"brand":[],"target-group":[],"discontinued":[],"class_list":{"0":"post-782643","1":"product","2":"type-product","3":"status-publish","5":"product_cat-bruder-legetoej","7":"first","8":"instock","9":"taxable","10":"shipping-taxable","11":"product-type-simple"},"aioseo_notices":[],"_links":{"self":[{"href":"https:\/\/games.tactic.net\/da\/wp-json\/wp\/v2\/product\/782643","targetHints":{"allow":["GET"]}}],"collection":[{"href":"https:\/\/games.tactic.net\/da\/wp-json\/wp\/v2\/product"}],"about":[{"href":"https:\/\/games.tactic.net\/da\/wp-json\/wp\/v2\/types\/product"}],"wp:attachment":[{"href":"https:\/\/games.tactic.net\/da\/wp-json\/wp\/v2\/media?parent=782643"}],"wp:term":[{"taxonomy":"product_brand","embeddable":true,"href":"https:\/\/games.tactic.net\/da\/wp-json\/wp\/v2\/product_brand?post=782643"},{"taxonomy":"product_cat","embeddable":true,"href":"https:\/\/games.tactic.net\/da\/wp-json\/wp\/v2\/product_cat?post=782643"},{"taxonomy":"product_tag","embeddable":true,"href":"https:\/\/games.tactic.net\/da\/wp-json\/wp\/v2\/product_tag?post=782643"},{"taxonomy":"brand","embeddable":true,"href":"https:\/\/games.tactic.net\/da\/wp-json\/wp\/v2\/brand?post=782643"},{"taxonomy":"target-group","embeddable":true,"href":"https:\/\/games.tactic.net\/da\/wp-json\/wp\/v2\/target-group?post=782643"},{"taxonomy":"discontinued","embeddable":true,"href":"https:\/\/games.tactic.net\/da\/wp-json\/wp\/v2\/discontinued?post=782643"}],"curies":[{"name":"wp","href":"https:\/\/api.w.org\/{rel}","templated":true}]}}