{"id":782514,"date":"2023-09-20T16:12:10","date_gmt":"2023-09-20T13:12:10","guid":{"rendered":"https:\/\/games.tactic.net\/tuote\/figure-set-farmer\/"},"modified":"2023-10-11T09:46:12","modified_gmt":"2023-10-11T06:46:12","slug":"figure-set-farmer","status":"publish","type":"product","link":"https:\/\/games.tactic.net\/da\/tuote\/figure-set-farmer\/","title":{"rendered":"Bruder Figure set farmer with accessories toy"},"content":{"rendered":"<p>Landbrug er en af \u200b\u200bde vigtigste BRUDER-temaverdener. Masser af h\u00f8studstyr, traktorer, trailere og tilbeh\u00f8r er tilg\u00e6ngelige. Disse modeller er ideelt forbedret af bondefigurs\u00e6ttet for at tilf\u00f8je endnu mere sjov og en realistisk f\u00f8lelse til temaverdenerne og booste b\u00f8rns rollelegef\u00e6rdigheder og kreativitet. Udstyret med trilleb\u00f8r og h\u00f8tyv  kan landmanden straks tage sig af opgaver, s\u00e5som rydning eller fodring som en del af arbejdsopgavnerne, f\u00f8r han s\u00e6tter sig i en BRUDER traktor eller mejet\u00e6rsker for at bearbejde markerne.<\/p>\n","protected":false},"excerpt":{"rendered":"<p>Bruder Figurs\u00e6t : bonde med tilbeh\u00f8r<\/p>\n","protected":false},"featured_media":0,"template":"","meta":{"content-type":"","_monsterinsights_skip_tracking":false,"_monsterinsights_sitenote_active":false,"_monsterinsights_sitenote_note":"","_monsterinsights_sitenote_category":0},"product_brand":[],"product_cat":[1498],"product_tag":[],"brand":[],"target-group":[],"discontinued":[],"class_list":{"0":"post-782514","1":"product","2":"type-product","3":"status-publish","5":"product_cat-bruder-legetoej","7":"first","8":"instock","9":"taxable","10":"shipping-taxable","11":"product-type-simple"},"aioseo_notices":[],"_links":{"self":[{"href":"https:\/\/games.tactic.net\/da\/wp-json\/wp\/v2\/product\/782514","targetHints":{"allow":["GET"]}}],"collection":[{"href":"https:\/\/games.tactic.net\/da\/wp-json\/wp\/v2\/product"}],"about":[{"href":"https:\/\/games.tactic.net\/da\/wp-json\/wp\/v2\/types\/product"}],"wp:attachment":[{"href":"https:\/\/games.tactic.net\/da\/wp-json\/wp\/v2\/media?parent=782514"}],"wp:term":[{"taxonomy":"product_brand","embeddable":true,"href":"https:\/\/games.tactic.net\/da\/wp-json\/wp\/v2\/product_brand?post=782514"},{"taxonomy":"product_cat","embeddable":true,"href":"https:\/\/games.tactic.net\/da\/wp-json\/wp\/v2\/product_cat?post=782514"},{"taxonomy":"product_tag","embeddable":true,"href":"https:\/\/games.tactic.net\/da\/wp-json\/wp\/v2\/product_tag?post=782514"},{"taxonomy":"brand","embeddable":true,"href":"https:\/\/games.tactic.net\/da\/wp-json\/wp\/v2\/brand?post=782514"},{"taxonomy":"target-group","embeddable":true,"href":"https:\/\/games.tactic.net\/da\/wp-json\/wp\/v2\/target-group?post=782514"},{"taxonomy":"discontinued","embeddable":true,"href":"https:\/\/games.tactic.net\/da\/wp-json\/wp\/v2\/discontinued?post=782514"}],"curies":[{"name":"wp","href":"https:\/\/api.w.org\/{rel}","templated":true}]}}