{"id":782099,"date":"2023-09-20T16:05:53","date_gmt":"2023-09-20T13:05:53","guid":{"rendered":"https:\/\/games.tactic.net\/tuote\/case-ih-optum-300-cvx\/"},"modified":"2023-10-20T15:32:53","modified_gmt":"2023-10-20T12:32:53","slug":"case-ih-optum-300-cvx","status":"publish","type":"product","link":"https:\/\/games.tactic.net\/da\/tuote\/case-ih-optum-300-cvx\/","title":{"rendered":"Bruder Case IH Optum 300 CVX toy"},"content":{"rendered":"<p>Optum-serien tilbyder kraftfulde, kompakte og ekstremt adr\u00e6tte traktorer med en enest\u00e5ende pr\u00e6stationsv\u00e6gt. Disse modeller mestrer enhver udfordring med maksimalt output, effektivitet samt p\u00e5lidelighed og imponerer med deres nye design. Med hensyn til design, funktionalitet og kvalitet er den nye BRUDER-model i m\u00e5lestoksforholdet 1:16 , i tr\u00e5d med virksomhedens motto &#8220;ligesom den \u00e6gte vare&#8221;. F\u00f8rerhuset er i glas og har d\u00f8re, der er lette at \u00e5bne. Den sammenklappelige motorhjelm giver adgang til den imponerende motor. Fremragende h\u00e5ndtering og k\u00f8rekomfort takket v\u00e6re den installerede oscillerende aksel samt ratforl\u00e6ngeren, der f\u00f8res ind gennem taget. Forbedre modellen og monter en slip-on frontl\u00e6sser (varenr. 03333). Den h\u00f8jdejusterbare bagkobling er kompatibel med alle trailere i Professional-serien. De nye, aftagelige hjul bidrager til det sjove. Det siger sig selv, at alle BRUDER landbrugsanh\u00e6ngere og udstyr er kompatible med denne traktor. Denne model er ogs\u00e5 kompatibel med det valgfrie lys- og lydmodul (varenr. 02802).<\/p>\n","protected":false},"excerpt":{"rendered":"<p>Bruder Case IH Optum 300 CVX<\/p>\n","protected":false},"featured_media":0,"template":"","meta":{"content-type":"","_monsterinsights_skip_tracking":false,"_monsterinsights_sitenote_active":false,"_monsterinsights_sitenote_note":"","_monsterinsights_sitenote_category":0},"product_brand":[],"product_cat":[1498],"product_tag":[],"brand":[],"target-group":[],"discontinued":[],"class_list":{"0":"post-782099","1":"product","2":"type-product","3":"status-publish","5":"product_cat-bruder-legetoej","7":"first","8":"instock","9":"taxable","10":"shipping-taxable","11":"product-type-simple"},"aioseo_notices":[],"_links":{"self":[{"href":"https:\/\/games.tactic.net\/da\/wp-json\/wp\/v2\/product\/782099","targetHints":{"allow":["GET"]}}],"collection":[{"href":"https:\/\/games.tactic.net\/da\/wp-json\/wp\/v2\/product"}],"about":[{"href":"https:\/\/games.tactic.net\/da\/wp-json\/wp\/v2\/types\/product"}],"wp:attachment":[{"href":"https:\/\/games.tactic.net\/da\/wp-json\/wp\/v2\/media?parent=782099"}],"wp:term":[{"taxonomy":"product_brand","embeddable":true,"href":"https:\/\/games.tactic.net\/da\/wp-json\/wp\/v2\/product_brand?post=782099"},{"taxonomy":"product_cat","embeddable":true,"href":"https:\/\/games.tactic.net\/da\/wp-json\/wp\/v2\/product_cat?post=782099"},{"taxonomy":"product_tag","embeddable":true,"href":"https:\/\/games.tactic.net\/da\/wp-json\/wp\/v2\/product_tag?post=782099"},{"taxonomy":"brand","embeddable":true,"href":"https:\/\/games.tactic.net\/da\/wp-json\/wp\/v2\/brand?post=782099"},{"taxonomy":"target-group","embeddable":true,"href":"https:\/\/games.tactic.net\/da\/wp-json\/wp\/v2\/target-group?post=782099"},{"taxonomy":"discontinued","embeddable":true,"href":"https:\/\/games.tactic.net\/da\/wp-json\/wp\/v2\/discontinued?post=782099"}],"curies":[{"name":"wp","href":"https:\/\/api.w.org\/{rel}","templated":true}]}}