{"id":781783,"date":"2023-09-20T15:58:09","date_gmt":"2023-09-20T12:58:09","guid":{"rendered":"https:\/\/games.tactic.net\/tuote\/accessories-box-type-pallet-winch-and-forks-f-frontloader\/"},"modified":"2023-10-20T15:21:48","modified_gmt":"2023-10-20T12:21:48","slug":"accessories-box-type-pallet-winch-and-forks-f-frontloader","status":"publish","type":"product","link":"https:\/\/games.tactic.net\/da\/tuote\/accessories-box-type-pallet-winch-and-forks-f-frontloader\/","title":{"rendered":"Bruder Box-type pallet, winch and forks for frontloader accessories"},"content":{"rendered":"<p>Frontl\u00e6ssertilbeh\u00f8ret best\u00e5r af en adapter, en kurv til paller, et kabelspil og fire h\u00f8gafler plus to pallegafler. Frontl\u00e6ssertilbeh\u00f8ret kan monteres p\u00e5 alle traktorer i Profi-serien og Manitou teleskopl\u00e6sseren.<\/p>\n","protected":false},"excerpt":{"rendered":"<p>Frontl\u00e6ssertilbeh\u00f8ret best\u00e5r af en adapter, en kurv til paller, et kabelspil og fire h\u00f8gafler plus to pallegafler. Frontl\u00e6ssertilbeh\u00f8ret kan monteres p\u00e5 alle traktorer i Profi-serien og Manitou teleskopl\u00e6sseren.<\/p>\n","protected":false},"featured_media":0,"template":"","meta":{"content-type":"","_monsterinsights_skip_tracking":false,"_monsterinsights_sitenote_active":false,"_monsterinsights_sitenote_note":"","_monsterinsights_sitenote_category":0},"product_brand":[],"product_cat":[1498],"product_tag":[],"brand":[],"target-group":[],"discontinued":[],"class_list":{"0":"post-781783","1":"product","2":"type-product","3":"status-publish","5":"product_cat-bruder-legetoej","7":"first","8":"instock","9":"taxable","10":"shipping-taxable","11":"product-type-simple"},"aioseo_notices":[],"_links":{"self":[{"href":"https:\/\/games.tactic.net\/da\/wp-json\/wp\/v2\/product\/781783","targetHints":{"allow":["GET"]}}],"collection":[{"href":"https:\/\/games.tactic.net\/da\/wp-json\/wp\/v2\/product"}],"about":[{"href":"https:\/\/games.tactic.net\/da\/wp-json\/wp\/v2\/types\/product"}],"wp:attachment":[{"href":"https:\/\/games.tactic.net\/da\/wp-json\/wp\/v2\/media?parent=781783"}],"wp:term":[{"taxonomy":"product_brand","embeddable":true,"href":"https:\/\/games.tactic.net\/da\/wp-json\/wp\/v2\/product_brand?post=781783"},{"taxonomy":"product_cat","embeddable":true,"href":"https:\/\/games.tactic.net\/da\/wp-json\/wp\/v2\/product_cat?post=781783"},{"taxonomy":"product_tag","embeddable":true,"href":"https:\/\/games.tactic.net\/da\/wp-json\/wp\/v2\/product_tag?post=781783"},{"taxonomy":"brand","embeddable":true,"href":"https:\/\/games.tactic.net\/da\/wp-json\/wp\/v2\/brand?post=781783"},{"taxonomy":"target-group","embeddable":true,"href":"https:\/\/games.tactic.net\/da\/wp-json\/wp\/v2\/target-group?post=781783"},{"taxonomy":"discontinued","embeddable":true,"href":"https:\/\/games.tactic.net\/da\/wp-json\/wp\/v2\/discontinued?post=781783"}],"curies":[{"name":"wp","href":"https:\/\/api.w.org\/{rel}","templated":true}]}}