{"id":780995,"date":"2023-09-20T15:47:34","date_gmt":"2023-09-20T12:47:34","guid":{"rendered":"https:\/\/games.tactic.net\/tuote\/saenke-slagskibe\/"},"modified":"2023-10-25T14:38:01","modified_gmt":"2023-10-25T11:38:01","slug":"saenke-slagskibe","status":"publish","type":"product","link":"https:\/\/games.tactic.net\/da\/tuote\/saenke-slagskibe\/","title":{"rendered":"Tactic S\u00e6nke Slagskibe"},"content":{"rendered":"<p>Det sp\u00e6ndende klassiske familiespil for 2 spillere. S\u00e6nk din modstanders slagskibe inden han s\u00e6nker dine.<\/p>\n","protected":false},"excerpt":{"rendered":"<p>Det sp\u00e6ndende klassiske familiespil for 2 spillere. S\u00e6nk din modstanders slagskibe inden han s\u00e6nker dine.<\/p>\n","protected":false},"featured_media":119305,"template":"","meta":{"content-type":"","_monsterinsights_skip_tracking":false,"_monsterinsights_sitenote_active":false,"_monsterinsights_sitenote_note":"","_monsterinsights_sitenote_category":0},"product_brand":[],"product_cat":[1574,1620],"product_tag":[895],"brand":[],"target-group":[],"discontinued":[],"class_list":{"0":"post-780995","1":"product","2":"type-product","3":"status-publish","4":"has-post-thumbnail","6":"product_cat-boerne-braetspil","7":"product_cat-strategiske-spil-familiespil","8":"product_tag-taktik","10":"first","11":"instock","12":"taxable","13":"shipping-taxable","14":"product-type-simple"},"aioseo_notices":[],"_links":{"self":[{"href":"https:\/\/games.tactic.net\/da\/wp-json\/wp\/v2\/product\/780995","targetHints":{"allow":["GET"]}}],"collection":[{"href":"https:\/\/games.tactic.net\/da\/wp-json\/wp\/v2\/product"}],"about":[{"href":"https:\/\/games.tactic.net\/da\/wp-json\/wp\/v2\/types\/product"}],"wp:featuredmedia":[{"embeddable":true,"href":"https:\/\/games.tactic.net\/da\/wp-json\/wp\/v2\/media\/119305"}],"wp:attachment":[{"href":"https:\/\/games.tactic.net\/da\/wp-json\/wp\/v2\/media?parent=780995"}],"wp:term":[{"taxonomy":"product_brand","embeddable":true,"href":"https:\/\/games.tactic.net\/da\/wp-json\/wp\/v2\/product_brand?post=780995"},{"taxonomy":"product_cat","embeddable":true,"href":"https:\/\/games.tactic.net\/da\/wp-json\/wp\/v2\/product_cat?post=780995"},{"taxonomy":"product_tag","embeddable":true,"href":"https:\/\/games.tactic.net\/da\/wp-json\/wp\/v2\/product_tag?post=780995"},{"taxonomy":"brand","embeddable":true,"href":"https:\/\/games.tactic.net\/da\/wp-json\/wp\/v2\/brand?post=780995"},{"taxonomy":"target-group","embeddable":true,"href":"https:\/\/games.tactic.net\/da\/wp-json\/wp\/v2\/target-group?post=780995"},{"taxonomy":"discontinued","embeddable":true,"href":"https:\/\/games.tactic.net\/da\/wp-json\/wp\/v2\/discontinued?post=780995"}],"curies":[{"name":"wp","href":"https:\/\/api.w.org\/{rel}","templated":true}]}}