{"id":776176,"date":"2023-08-21T13:12:32","date_gmt":"2023-08-21T10:12:32","guid":{"rendered":"https:\/\/games.tactic.net\/tuote\/bruder-wheel-loader\/"},"modified":"2023-10-20T15:29:13","modified_gmt":"2023-10-20T12:29:13","slug":"bruder-wheel-loader","status":"publish","type":"product","link":"https:\/\/games.tactic.net\/da\/tuote\/bruder-wheel-loader\/","title":{"rendered":"Bruder ROADMAX Hjull\u00e6sser leget\u00f8j"},"content":{"rendered":"<p>BRUDERs byggemaskine-verden er meget popul\u00e6r, da modellerne er flot udf\u00f8rt og har mange funktioner. Den nye BRUDER l\u00e6ssemaskine er nu kommet til dette succesfulde sortiment. Med klassisk BRUDER-design, gode funktioner og nem h\u00e5ndtering. Den centrale h\u00e5ndtag styrer hele l\u00f8ftearmen og skovlen. Med de store d\u00e6k og kn\u00e6kstyring klarer den sig ogs\u00e5 flot i sandkassen. Denne maskine er allerede et hit blandt b\u00f8rn helt ned til 2 \u00e5r.<\/p>\n","protected":false},"excerpt":{"rendered":"<p>BRUDER\u2019s nye l\u00e6ssemaskine imponerer med smart design, nem betjening, centralt l\u00f8fteh\u00e5ndtag, store d\u00e6k og kn\u00e6kstyring. Perfekt i sandkassen \u2013 sjov fra 2 \u00e5r.<\/p>\n","protected":false},"featured_media":0,"template":"","meta":{"content-type":"","_monsterinsights_skip_tracking":false,"_monsterinsights_sitenote_active":false,"_monsterinsights_sitenote_note":"","_monsterinsights_sitenote_category":0},"product_brand":[],"product_cat":[1498],"product_tag":[],"brand":[],"target-group":[],"discontinued":[],"class_list":{"0":"post-776176","1":"product","2":"type-product","3":"status-publish","5":"product_cat-bruder-legetoej","7":"first","8":"instock","9":"taxable","10":"shipping-taxable","11":"product-type-simple"},"aioseo_notices":[],"_links":{"self":[{"href":"https:\/\/games.tactic.net\/da\/wp-json\/wp\/v2\/product\/776176","targetHints":{"allow":["GET"]}}],"collection":[{"href":"https:\/\/games.tactic.net\/da\/wp-json\/wp\/v2\/product"}],"about":[{"href":"https:\/\/games.tactic.net\/da\/wp-json\/wp\/v2\/types\/product"}],"wp:attachment":[{"href":"https:\/\/games.tactic.net\/da\/wp-json\/wp\/v2\/media?parent=776176"}],"wp:term":[{"taxonomy":"product_brand","embeddable":true,"href":"https:\/\/games.tactic.net\/da\/wp-json\/wp\/v2\/product_brand?post=776176"},{"taxonomy":"product_cat","embeddable":true,"href":"https:\/\/games.tactic.net\/da\/wp-json\/wp\/v2\/product_cat?post=776176"},{"taxonomy":"product_tag","embeddable":true,"href":"https:\/\/games.tactic.net\/da\/wp-json\/wp\/v2\/product_tag?post=776176"},{"taxonomy":"brand","embeddable":true,"href":"https:\/\/games.tactic.net\/da\/wp-json\/wp\/v2\/brand?post=776176"},{"taxonomy":"target-group","embeddable":true,"href":"https:\/\/games.tactic.net\/da\/wp-json\/wp\/v2\/target-group?post=776176"},{"taxonomy":"discontinued","embeddable":true,"href":"https:\/\/games.tactic.net\/da\/wp-json\/wp\/v2\/discontinued?post=776176"}],"curies":[{"name":"wp","href":"https:\/\/api.w.org\/{rel}","templated":true}]}}