{"id":766617,"date":"2023-07-21T10:28:57","date_gmt":"2023-07-21T07:28:57","guid":{"rendered":"https:\/\/games.tactic.net\/tuote\/crime-scene-luxor-1932\/"},"modified":"2023-07-21T10:28:57","modified_gmt":"2023-07-21T07:28:57","slug":"crime-scene-luxor-1932","status":"publish","type":"product","link":"https:\/\/games.tactic.net\/da\/tuote\/crime-scene-luxor-1932\/","title":{"rendered":"Gamestorm Crime Scene Luxor 1932"},"content":{"rendered":"<p>Tr\u00e6d ind p\u00e5 gerningsstedet&#8230; Da en ung engl\u00e6nder d\u00f8r i Kairo, bliver en ligetil mordefterforskning noget meget mere mystisk. &#8211; L\u00f8s g\u00e5derne og g\u00e5 videre mod den endelige konklusion. &#8211; Indeholder en unik historie skrevet af den finske krimiforfatter Arttu Tuominen.<\/p>\n","protected":false},"excerpt":{"rendered":"<p>Tr\u00e6d ind p\u00e5 gerningsstedet&#8230; Da en ung engl\u00e6nder d\u00f8r i Kairo, bliver en ligetil mordefterforskning noget meget mere mystisk. &#8211; L\u00f8s g\u00e5derne og g\u00e5 videre mod den endelige konklusion. &#8211; Indeholder en unik historie skrevet af den finske krimiforfatter Arttu Tuominen.<\/p>\n","protected":false},"featured_media":766603,"template":"","meta":{"content-type":"","_monsterinsights_skip_tracking":false,"_monsterinsights_sitenote_active":false,"_monsterinsights_sitenote_note":"","_monsterinsights_sitenote_category":0},"product_brand":[],"product_cat":[1632],"product_tag":[],"brand":[{"id":885,"name":"Gamestorm Studio","slug":"gamestormstudio-da"}],"target-group":[],"discontinued":[],"class_list":{"0":"post-766617","1":"product","2":"type-product","3":"status-publish","4":"has-post-thumbnail","6":"product_cat-18-voksenspil","7":"brand-gamestormstudio-da","9":"first","10":"instock","11":"taxable","12":"shipping-taxable","13":"product-type-simple"},"aioseo_notices":[],"_links":{"self":[{"href":"https:\/\/games.tactic.net\/da\/wp-json\/wp\/v2\/product\/766617","targetHints":{"allow":["GET"]}}],"collection":[{"href":"https:\/\/games.tactic.net\/da\/wp-json\/wp\/v2\/product"}],"about":[{"href":"https:\/\/games.tactic.net\/da\/wp-json\/wp\/v2\/types\/product"}],"wp:featuredmedia":[{"embeddable":true,"href":"https:\/\/games.tactic.net\/da\/wp-json\/wp\/v2\/media\/766603"}],"wp:attachment":[{"href":"https:\/\/games.tactic.net\/da\/wp-json\/wp\/v2\/media?parent=766617"}],"wp:term":[{"taxonomy":"product_brand","embeddable":true,"href":"https:\/\/games.tactic.net\/da\/wp-json\/wp\/v2\/product_brand?post=766617"},{"taxonomy":"product_cat","embeddable":true,"href":"https:\/\/games.tactic.net\/da\/wp-json\/wp\/v2\/product_cat?post=766617"},{"taxonomy":"product_tag","embeddable":true,"href":"https:\/\/games.tactic.net\/da\/wp-json\/wp\/v2\/product_tag?post=766617"},{"taxonomy":"brand","embeddable":true,"href":"https:\/\/games.tactic.net\/da\/wp-json\/wp\/v2\/brand?post=766617"},{"taxonomy":"target-group","embeddable":true,"href":"https:\/\/games.tactic.net\/da\/wp-json\/wp\/v2\/target-group?post=766617"},{"taxonomy":"discontinued","embeddable":true,"href":"https:\/\/games.tactic.net\/da\/wp-json\/wp\/v2\/discontinued?post=766617"}],"curies":[{"name":"wp","href":"https:\/\/api.w.org\/{rel}","templated":true}]}}