{"id":761512,"date":"2023-07-19T13:00:14","date_gmt":"2023-07-19T10:00:14","guid":{"rendered":"https:\/\/games.tactic.net\/tuote\/fendt-vario-211\/"},"modified":"2023-10-20T15:47:18","modified_gmt":"2023-10-20T12:47:18","slug":"fendt-vario-211","status":"publish","type":"product","link":"https:\/\/games.tactic.net\/da\/tuote\/fendt-vario-211\/","title":{"rendered":"Bruder Fendt Vario 211 tractor toy"},"content":{"rendered":"<p>Fendt Vario 211 har alt, hvad landm\u00e6nd har brug for, for at opn\u00e5 succesfulde resultater. Takket v\u00e6re dens kompakte dimensioner og et rummeligt f\u00f8rerhus er den ikke kun komfortabel, men ogs\u00e5 den perfekte arbejdsledsager til alle forhold. Denne kompakte, men meget kraftfulde traktor er den seneste tilf\u00f8jelse til BRUDERs omfattende fl\u00e5de af traktorer, som er kendt for sine naturtro detaljer. Naturligvis deler denne traktor ogs\u00e5 egenskaber, der er typiske for sine staldkammerater, s\u00e5som offroad-forakslen eller det ekstra tr\u00e6kled. Denne traktor kan ogs\u00e5 kombineres med n\u00e6sten alle landbrugsredskaber fra BRUDER-serien.<\/p>\n","protected":false},"excerpt":{"rendered":"<p>Bruder Fendt Vario 211 traktor<\/p>\n","protected":false},"featured_media":0,"template":"","meta":{"content-type":"","_monsterinsights_skip_tracking":false,"_monsterinsights_sitenote_active":false,"_monsterinsights_sitenote_note":"","_monsterinsights_sitenote_category":0},"product_brand":[],"product_cat":[1498],"product_tag":[],"brand":[],"target-group":[],"discontinued":[],"class_list":{"0":"post-761512","1":"product","2":"type-product","3":"status-publish","5":"product_cat-bruder-legetoej","7":"first","8":"instock","9":"taxable","10":"shipping-taxable","11":"product-type-simple"},"aioseo_notices":[],"_links":{"self":[{"href":"https:\/\/games.tactic.net\/da\/wp-json\/wp\/v2\/product\/761512","targetHints":{"allow":["GET"]}}],"collection":[{"href":"https:\/\/games.tactic.net\/da\/wp-json\/wp\/v2\/product"}],"about":[{"href":"https:\/\/games.tactic.net\/da\/wp-json\/wp\/v2\/types\/product"}],"wp:attachment":[{"href":"https:\/\/games.tactic.net\/da\/wp-json\/wp\/v2\/media?parent=761512"}],"wp:term":[{"taxonomy":"product_brand","embeddable":true,"href":"https:\/\/games.tactic.net\/da\/wp-json\/wp\/v2\/product_brand?post=761512"},{"taxonomy":"product_cat","embeddable":true,"href":"https:\/\/games.tactic.net\/da\/wp-json\/wp\/v2\/product_cat?post=761512"},{"taxonomy":"product_tag","embeddable":true,"href":"https:\/\/games.tactic.net\/da\/wp-json\/wp\/v2\/product_tag?post=761512"},{"taxonomy":"brand","embeddable":true,"href":"https:\/\/games.tactic.net\/da\/wp-json\/wp\/v2\/brand?post=761512"},{"taxonomy":"target-group","embeddable":true,"href":"https:\/\/games.tactic.net\/da\/wp-json\/wp\/v2\/target-group?post=761512"},{"taxonomy":"discontinued","embeddable":true,"href":"https:\/\/games.tactic.net\/da\/wp-json\/wp\/v2\/discontinued?post=761512"}],"curies":[{"name":"wp","href":"https:\/\/api.w.org\/{rel}","templated":true}]}}