{"id":761508,"date":"2023-07-19T12:58:30","date_gmt":"2023-07-19T09:58:30","guid":{"rendered":"https:\/\/games.tactic.net\/tuote\/irrigation-trailer\/"},"modified":"2023-10-20T15:54:14","modified_gmt":"2023-10-20T12:54:14","slug":"irrigation-trailer","status":"publish","type":"product","link":"https:\/\/games.tactic.net\/da\/tuote\/irrigation-trailer\/","title":{"rendered":"Bruder Irrigation Trailer toy"},"content":{"rendered":"<p>Uanset om det er sportspladser, planteskoler, frugtplantager eller andre store omr\u00e5der, hvor en konstant og ensartet vandforsyning er p\u00e5kr\u00e6vet, har vandingstrailere deres anvendelsessted. Denne vigtige maskine til succesfuldt landbrug er nu tilg\u00e6ngelig i BRUDERs omfattende sortiment. Unge landm\u00e6nd kan bruge h\u00e5ndsvinget til at rulle en 1,8 meter lang slange ud, hvortil en n\u00f8jagtigt detaljeret sprinklervogn er fastgjort. Tro mod BRUDERs motto &#8220;Ligesom den \u00e6gte vare&#8221; har den en tank med en fungerende pumpe. Pumpesystemet g\u00f8r, at vandet kan fordeles let og realistisk. Denne sp\u00e6ndende kunstvandingstrailer kan tr\u00e6kkes af alle BRUDER-traktorer fra verden med landbrugstema.<\/p>\n","protected":false},"excerpt":{"rendered":"<p>Bruder vandingsmaskine. Du kan tils\u00e6tte vand i tanken, og pumpe vand ud p\u00e5 markerne, eller i haven.<\/p>\n","protected":false},"featured_media":0,"template":"","meta":{"content-type":"","_monsterinsights_skip_tracking":false,"_monsterinsights_sitenote_active":false,"_monsterinsights_sitenote_note":"","_monsterinsights_sitenote_category":0},"product_brand":[],"product_cat":[1498],"product_tag":[],"brand":[],"target-group":[],"discontinued":[],"class_list":{"0":"post-761508","1":"product","2":"type-product","3":"status-publish","5":"product_cat-bruder-legetoej","7":"first","8":"instock","9":"taxable","10":"shipping-taxable","11":"product-type-simple"},"aioseo_notices":[],"_links":{"self":[{"href":"https:\/\/games.tactic.net\/da\/wp-json\/wp\/v2\/product\/761508","targetHints":{"allow":["GET"]}}],"collection":[{"href":"https:\/\/games.tactic.net\/da\/wp-json\/wp\/v2\/product"}],"about":[{"href":"https:\/\/games.tactic.net\/da\/wp-json\/wp\/v2\/types\/product"}],"wp:attachment":[{"href":"https:\/\/games.tactic.net\/da\/wp-json\/wp\/v2\/media?parent=761508"}],"wp:term":[{"taxonomy":"product_brand","embeddable":true,"href":"https:\/\/games.tactic.net\/da\/wp-json\/wp\/v2\/product_brand?post=761508"},{"taxonomy":"product_cat","embeddable":true,"href":"https:\/\/games.tactic.net\/da\/wp-json\/wp\/v2\/product_cat?post=761508"},{"taxonomy":"product_tag","embeddable":true,"href":"https:\/\/games.tactic.net\/da\/wp-json\/wp\/v2\/product_tag?post=761508"},{"taxonomy":"brand","embeddable":true,"href":"https:\/\/games.tactic.net\/da\/wp-json\/wp\/v2\/brand?post=761508"},{"taxonomy":"target-group","embeddable":true,"href":"https:\/\/games.tactic.net\/da\/wp-json\/wp\/v2\/target-group?post=761508"},{"taxonomy":"discontinued","embeddable":true,"href":"https:\/\/games.tactic.net\/da\/wp-json\/wp\/v2\/discontinued?post=761508"}],"curies":[{"name":"wp","href":"https:\/\/api.w.org\/{rel}","templated":true}]}}