{"id":761507,"date":"2023-07-19T12:56:53","date_gmt":"2023-07-19T09:56:53","guid":{"rendered":"https:\/\/games.tactic.net\/tuote\/mb-sprinter-ups-with-driver-and-accessories\/"},"modified":"2025-01-13T09:44:25","modified_gmt":"2025-01-13T07:44:25","slug":"mb-sprinter-ups-with-driver-and-accessories","status":"archive","type":"product","link":"https:\/\/games.tactic.net\/da\/tuote\/mb-sprinter-ups-with-driver-and-accessories\/","title":{"rendered":"Bruder Mercedes-Benz Sprinter UPS with driver and accessories toy"},"content":{"rendered":"<p>Banebrydende, effektiv, p\u00e5lidelig \u2013 s\u00e5dan beskriver Mercedes Benz den nye Sprinter. Den seneste generation af Sprinter er fortsat det alsidige og popul\u00e6re professionelle k\u00f8ret\u00f8j. BRUDERs omfattende sortiment omfatter de nyeste sprintere i en lang r\u00e6kke designs. UPS, en af \u200b\u200bverdens f\u00f8rende udbydere af forsendelsestjenester, er ogs\u00e5 afh\u00e6ngige af Sprinters som leveringsk\u00f8ret\u00f8jer. Dette k\u00f8ret\u00f8j dominerer nutidens bygader og er nu blevet tilf\u00f8jet til Bruder-serien. K\u00f8ret\u00f8jet har en todelt bagd\u00f8r, der kan \u00e5bnes op til endestop p\u00e5 k\u00f8ret\u00f8jets krop. Fjern sm\u00e5ting gennem sided\u00f8ren for at spare tid. K\u00f8ret\u00f8jets tilbeh\u00f8r omfatter en manuel palledonkraft og to europaller til at l\u00e6sse eller losse tungt og\/eller omfangsrigt gods. Dette flotte s\u00e6t indeholder en UPS-chauff\u00f8r if\u00f8rt virksomhedens typiske uniform. Typiske UPS-forsendelseskasser i forskellige st\u00f8rrelser er ogs\u00e5 inkluderet.<\/p>\n","protected":false},"excerpt":{"rendered":"<p>Bruder Mercedez-Benz Sprinter UPS med chauff\u00f8r og  tilbeh\u00f8r. <\/p>\n<p>I pakken f\u00e5r du diverse tilbeh\u00f8r udover transport\u00f8ren og bilen. Tilbeh\u00f8ret inkluderer en manuel pallekasse og to europaller til lastning. For at g\u00f8re det sjovere f\u00e5r du ogs\u00e5 de typiske UPS-forsendelseskasser i forskellige st\u00f8rrelser inkluderet.<\/p>\n","protected":false},"featured_media":0,"template":"","meta":{"content-type":"","_monsterinsights_skip_tracking":false,"_monsterinsights_sitenote_active":false,"_monsterinsights_sitenote_note":"","_monsterinsights_sitenote_category":0},"product_brand":[],"product_cat":[1498],"product_tag":[],"brand":[],"target-group":[],"discontinued":[],"class_list":{"0":"post-761507","1":"product","2":"type-product","3":"status-archive","5":"product_cat-bruder-legetoej","7":"first","8":"outofstock","9":"taxable","10":"shipping-taxable","11":"product-type-simple"},"aioseo_notices":[],"_links":{"self":[{"href":"https:\/\/games.tactic.net\/da\/wp-json\/wp\/v2\/product\/761507","targetHints":{"allow":["GET"]}}],"collection":[{"href":"https:\/\/games.tactic.net\/da\/wp-json\/wp\/v2\/product"}],"about":[{"href":"https:\/\/games.tactic.net\/da\/wp-json\/wp\/v2\/types\/product"}],"wp:attachment":[{"href":"https:\/\/games.tactic.net\/da\/wp-json\/wp\/v2\/media?parent=761507"}],"wp:term":[{"taxonomy":"product_brand","embeddable":true,"href":"https:\/\/games.tactic.net\/da\/wp-json\/wp\/v2\/product_brand?post=761507"},{"taxonomy":"product_cat","embeddable":true,"href":"https:\/\/games.tactic.net\/da\/wp-json\/wp\/v2\/product_cat?post=761507"},{"taxonomy":"product_tag","embeddable":true,"href":"https:\/\/games.tactic.net\/da\/wp-json\/wp\/v2\/product_tag?post=761507"},{"taxonomy":"brand","embeddable":true,"href":"https:\/\/games.tactic.net\/da\/wp-json\/wp\/v2\/brand?post=761507"},{"taxonomy":"target-group","embeddable":true,"href":"https:\/\/games.tactic.net\/da\/wp-json\/wp\/v2\/target-group?post=761507"},{"taxonomy":"discontinued","embeddable":true,"href":"https:\/\/games.tactic.net\/da\/wp-json\/wp\/v2\/discontinued?post=761507"}],"curies":[{"name":"wp","href":"https:\/\/api.w.org\/{rel}","templated":true}]}}