{"id":761377,"date":"2023-07-19T12:52:28","date_gmt":"2023-07-19T09:52:28","guid":{"rendered":"https:\/\/games.tactic.net\/tuote\/man-tgs-tipper-truck\/"},"modified":"2023-10-20T16:42:18","modified_gmt":"2023-10-20T13:42:18","slug":"man-tgs-tipper-truck","status":"publish","type":"product","link":"https:\/\/games.tactic.net\/da\/tuote\/man-tgs-tipper-truck\/","title":{"rendered":"Bruder MAN TGS Tiplastbil leget\u00f8j"},"content":{"rendered":"<p>MAN TGS er det perfekte allround-k\u00f8ret\u00f8j til byggepladser, langdistancek\u00f8rsel og lokal distribution. Den tofarvede f\u00f8rerkabine har d\u00f8re, der kan \u00e5bnes, s\u00e5 enhver bworld-figur f\u00e5r en moderne arbejdsplads. Det store tiplad har en bagklap, der automatisk \u00e5bner, n\u00e5r ladet vippes. MAN tiplastbilen har fire aksler og robuste m\u00f8nsterd\u00e6k til h\u00e5rdt arbejde. Et bredt udvalg af BRUDER entrepren\u00f8rmaskiner \u2013 f.eks. Cat\u00ae mobilgravemaskine (nr. 02445) og JCB 5CX rendegraver (nr. 02454) \u2013 passer perfekt hertil.<\/p>\n","protected":false},"excerpt":{"rendered":"<p>MAN TGS er den ideelle allround-lastbil til byggepladser, langtransport og lokal levering. St\u00e6rkt design, kraftige motorer og h\u00f8j lasteevne.<\/p>\n","protected":false},"featured_media":0,"template":"","meta":{"content-type":"","_monsterinsights_skip_tracking":false,"_monsterinsights_sitenote_active":false,"_monsterinsights_sitenote_note":"","_monsterinsights_sitenote_category":0},"product_brand":[],"product_cat":[1498],"product_tag":[],"brand":[],"target-group":[],"discontinued":[],"class_list":{"0":"post-761377","1":"product","2":"type-product","3":"status-publish","5":"product_cat-bruder-legetoej","7":"first","8":"instock","9":"taxable","10":"shipping-taxable","11":"product-type-simple"},"aioseo_notices":[],"_links":{"self":[{"href":"https:\/\/games.tactic.net\/da\/wp-json\/wp\/v2\/product\/761377","targetHints":{"allow":["GET"]}}],"collection":[{"href":"https:\/\/games.tactic.net\/da\/wp-json\/wp\/v2\/product"}],"about":[{"href":"https:\/\/games.tactic.net\/da\/wp-json\/wp\/v2\/types\/product"}],"wp:attachment":[{"href":"https:\/\/games.tactic.net\/da\/wp-json\/wp\/v2\/media?parent=761377"}],"wp:term":[{"taxonomy":"product_brand","embeddable":true,"href":"https:\/\/games.tactic.net\/da\/wp-json\/wp\/v2\/product_brand?post=761377"},{"taxonomy":"product_cat","embeddable":true,"href":"https:\/\/games.tactic.net\/da\/wp-json\/wp\/v2\/product_cat?post=761377"},{"taxonomy":"product_tag","embeddable":true,"href":"https:\/\/games.tactic.net\/da\/wp-json\/wp\/v2\/product_tag?post=761377"},{"taxonomy":"brand","embeddable":true,"href":"https:\/\/games.tactic.net\/da\/wp-json\/wp\/v2\/brand?post=761377"},{"taxonomy":"target-group","embeddable":true,"href":"https:\/\/games.tactic.net\/da\/wp-json\/wp\/v2\/target-group?post=761377"},{"taxonomy":"discontinued","embeddable":true,"href":"https:\/\/games.tactic.net\/da\/wp-json\/wp\/v2\/discontinued?post=761377"}],"curies":[{"name":"wp","href":"https:\/\/api.w.org\/{rel}","templated":true}]}}