{"id":761369,"date":"2023-07-19T12:48:29","date_gmt":"2023-07-19T09:48:29","guid":{"rendered":"https:\/\/games.tactic.net\/tuote\/man-tga-cement-mixer-truck-rapid-mix\/"},"modified":"2023-10-20T16:29:50","modified_gmt":"2023-10-20T13:29:50","slug":"man-tga-cement-mixer-truck-rapid-mix","status":"publish","type":"product","link":"https:\/\/games.tactic.net\/da\/tuote\/man-tga-cement-mixer-truck-rapid-mix\/","title":{"rendered":"Bruder MAN TGA Betonblander lastbil leget\u00f8j"},"content":{"rendered":"<p>BRUDERs nye lastbilmixer er baseret p\u00e5 MAN TGA. F\u00f8rerkabinen kan vippes og giver udsyn til motorblokken. Tromlen drejes via et h\u00e5ndsving og t\u00f8mmer ved at k\u00f8re bagl\u00e6ns \u2013 pr\u00e6cis som originalen. Leveres med to afl\u00f8bsskakte, og en bworld-figur kan betjene mixerfunktionen via stigerne. Kan kombineres med andre BRUDER k\u00f8ret\u00f8jer, fx MAN tiptrailer og Liebherr gravemaskine (02751).<\/p>\n","protected":false},"excerpt":{"rendered":"<p>MAN TGA betonblander med vipbar kabine, motorudsigt og roterende tromle \u2013 masser af detaljer og legesjov.<\/p>\n","protected":false},"featured_media":0,"template":"","meta":{"content-type":"","_monsterinsights_skip_tracking":false,"_monsterinsights_sitenote_active":false,"_monsterinsights_sitenote_note":"","_monsterinsights_sitenote_category":0},"product_brand":[],"product_cat":[1498],"product_tag":[],"brand":[],"target-group":[],"discontinued":[],"class_list":{"0":"post-761369","1":"product","2":"type-product","3":"status-publish","5":"product_cat-bruder-legetoej","7":"first","8":"instock","9":"taxable","10":"shipping-taxable","11":"product-type-simple"},"aioseo_notices":[],"_links":{"self":[{"href":"https:\/\/games.tactic.net\/da\/wp-json\/wp\/v2\/product\/761369","targetHints":{"allow":["GET"]}}],"collection":[{"href":"https:\/\/games.tactic.net\/da\/wp-json\/wp\/v2\/product"}],"about":[{"href":"https:\/\/games.tactic.net\/da\/wp-json\/wp\/v2\/types\/product"}],"wp:attachment":[{"href":"https:\/\/games.tactic.net\/da\/wp-json\/wp\/v2\/media?parent=761369"}],"wp:term":[{"taxonomy":"product_brand","embeddable":true,"href":"https:\/\/games.tactic.net\/da\/wp-json\/wp\/v2\/product_brand?post=761369"},{"taxonomy":"product_cat","embeddable":true,"href":"https:\/\/games.tactic.net\/da\/wp-json\/wp\/v2\/product_cat?post=761369"},{"taxonomy":"product_tag","embeddable":true,"href":"https:\/\/games.tactic.net\/da\/wp-json\/wp\/v2\/product_tag?post=761369"},{"taxonomy":"brand","embeddable":true,"href":"https:\/\/games.tactic.net\/da\/wp-json\/wp\/v2\/brand?post=761369"},{"taxonomy":"target-group","embeddable":true,"href":"https:\/\/games.tactic.net\/da\/wp-json\/wp\/v2\/target-group?post=761369"},{"taxonomy":"discontinued","embeddable":true,"href":"https:\/\/games.tactic.net\/da\/wp-json\/wp\/v2\/discontinued?post=761369"}],"curies":[{"name":"wp","href":"https:\/\/api.w.org\/{rel}","templated":true}]}}