{"id":759960,"date":"2023-07-19T10:43:55","date_gmt":"2023-07-19T07:43:55","guid":{"rendered":"https:\/\/games.tactic.net\/tuote\/active-play-street-hockey-set\/"},"modified":"2025-04-17T10:32:38","modified_gmt":"2025-04-17T07:32:38","slug":"active-play-street-hockey-set","status":"archive","type":"product","link":"https:\/\/games.tactic.net\/da\/tuote\/active-play-street-hockey-set\/","title":{"rendered":"Tactic Active Play Street Hockey Set"},"content":{"rendered":"<p>Active Play-leg er en fremragende vej til boost af aktiviteten og masser af sjov med familie og venner! Tr\u00e6ning og leg sammen er godt for b\u00e5de krop og sj\u00e6l. Du f\u00e5r energi, og det bliver lettere at koncentrere sig og l\u00e6re nye ting. S\u00e6t spillet i gang! Omdan enhver gade eller vej til en hockeybane og vis, hvad du kan! Dette Streethockeys\u00e6t best\u00e5r af to robuste hockeystave og en letv\u00e6gtshockeybold.<\/p>\n","protected":false},"excerpt":{"rendered":"<p>Active Play-leg er en fremragende vej til boost af aktiviteten og masser af sjov med familie og venner! Tr\u00e6ning og leg sammen er godt for b\u00e5de krop og sj\u00e6l. Du f\u00e5r energi, og det bliver lettere at koncentrere sig og l\u00e6re nye ting. S\u00e6t spillet i gang! Omdan enhver gade eller vej til en hockeybane [&hellip;]<\/p>\n","protected":false},"featured_media":0,"template":"","meta":{"content-type":"","_monsterinsights_skip_tracking":false,"_monsterinsights_sitenote_active":false,"_monsterinsights_sitenote_note":"","_monsterinsights_sitenote_category":0},"product_brand":[],"product_cat":[1627],"product_tag":[],"brand":[],"target-group":[],"discontinued":[],"class_list":{"0":"post-759960","1":"product","2":"type-product","3":"status-archive","5":"product_cat-active-play-udendoers-spil","7":"first","8":"outofstock","9":"taxable","10":"shipping-taxable","11":"product-type-simple"},"aioseo_notices":[],"_links":{"self":[{"href":"https:\/\/games.tactic.net\/da\/wp-json\/wp\/v2\/product\/759960","targetHints":{"allow":["GET"]}}],"collection":[{"href":"https:\/\/games.tactic.net\/da\/wp-json\/wp\/v2\/product"}],"about":[{"href":"https:\/\/games.tactic.net\/da\/wp-json\/wp\/v2\/types\/product"}],"wp:attachment":[{"href":"https:\/\/games.tactic.net\/da\/wp-json\/wp\/v2\/media?parent=759960"}],"wp:term":[{"taxonomy":"product_brand","embeddable":true,"href":"https:\/\/games.tactic.net\/da\/wp-json\/wp\/v2\/product_brand?post=759960"},{"taxonomy":"product_cat","embeddable":true,"href":"https:\/\/games.tactic.net\/da\/wp-json\/wp\/v2\/product_cat?post=759960"},{"taxonomy":"product_tag","embeddable":true,"href":"https:\/\/games.tactic.net\/da\/wp-json\/wp\/v2\/product_tag?post=759960"},{"taxonomy":"brand","embeddable":true,"href":"https:\/\/games.tactic.net\/da\/wp-json\/wp\/v2\/brand?post=759960"},{"taxonomy":"target-group","embeddable":true,"href":"https:\/\/games.tactic.net\/da\/wp-json\/wp\/v2\/target-group?post=759960"},{"taxonomy":"discontinued","embeddable":true,"href":"https:\/\/games.tactic.net\/da\/wp-json\/wp\/v2\/discontinued?post=759960"}],"curies":[{"name":"wp","href":"https:\/\/api.w.org\/{rel}","templated":true}]}}