{"id":759888,"date":"2023-07-19T10:43:02","date_gmt":"2023-07-19T07:43:02","guid":{"rendered":"https:\/\/games.tactic.net\/tuote\/active-play-zlam-racket-set\/"},"modified":"2023-09-27T20:48:55","modified_gmt":"2023-09-27T17:48:55","slug":"active-play-zlam-racket-set","status":"publish","type":"product","link":"https:\/\/games.tactic.net\/da\/tuote\/active-play-zlam-racket-set\/","title":{"rendered":"Tactic Active Play Zlam Racket Set"},"content":{"rendered":"<p>Active Play-leg er en fremragende vej til boost af aktivitsniveauet og masser af sjov med familie og venner! Tr\u00e6ning og leg sammen er godt for b\u00e5de krop og sj\u00e6l. Du f\u00e5r energi, og det bliver lettere at koncentrere sig og l\u00e6re nye ting. Er du klar til at lege? Med et Zlam-ketsjers\u00e6t er du klar til hurtig leg p\u00e5 stranden og sp\u00e6ndende konkurrencer i haven! Best\u00e5r af 4 fjerbolde og to bolde, der g\u00f8r s\u00e6ttet godt til alle uanset alder og niveau.<\/p>\n","protected":false},"excerpt":{"rendered":"<p>Active Play-leg er en fremragende vej til boost af aktivitsniveauet og masser af sjov med familie og venner! Tr\u00e6ning og leg sammen er godt for b\u00e5de krop og sj\u00e6l. Du f\u00e5r energi, og det bliver lettere at koncentrere sig og l\u00e6re nye ting. Er du klar til at lege? Med et Zlam-ketsjers\u00e6t er du klar [&hellip;]<\/p>\n","protected":false},"featured_media":0,"template":"","meta":{"content-type":"","_monsterinsights_skip_tracking":false,"_monsterinsights_sitenote_active":false,"_monsterinsights_sitenote_note":"","_monsterinsights_sitenote_category":0},"product_brand":[],"product_cat":[1627],"product_tag":[],"brand":[],"target-group":[],"discontinued":[],"class_list":{"0":"post-759888","1":"product","2":"type-product","3":"status-publish","5":"product_cat-active-play-udendoers-spil","7":"first","8":"instock","9":"taxable","10":"shipping-taxable","11":"product-type-simple"},"aioseo_notices":[],"_links":{"self":[{"href":"https:\/\/games.tactic.net\/da\/wp-json\/wp\/v2\/product\/759888","targetHints":{"allow":["GET"]}}],"collection":[{"href":"https:\/\/games.tactic.net\/da\/wp-json\/wp\/v2\/product"}],"about":[{"href":"https:\/\/games.tactic.net\/da\/wp-json\/wp\/v2\/types\/product"}],"wp:attachment":[{"href":"https:\/\/games.tactic.net\/da\/wp-json\/wp\/v2\/media?parent=759888"}],"wp:term":[{"taxonomy":"product_brand","embeddable":true,"href":"https:\/\/games.tactic.net\/da\/wp-json\/wp\/v2\/product_brand?post=759888"},{"taxonomy":"product_cat","embeddable":true,"href":"https:\/\/games.tactic.net\/da\/wp-json\/wp\/v2\/product_cat?post=759888"},{"taxonomy":"product_tag","embeddable":true,"href":"https:\/\/games.tactic.net\/da\/wp-json\/wp\/v2\/product_tag?post=759888"},{"taxonomy":"brand","embeddable":true,"href":"https:\/\/games.tactic.net\/da\/wp-json\/wp\/v2\/brand?post=759888"},{"taxonomy":"target-group","embeddable":true,"href":"https:\/\/games.tactic.net\/da\/wp-json\/wp\/v2\/target-group?post=759888"},{"taxonomy":"discontinued","embeddable":true,"href":"https:\/\/games.tactic.net\/da\/wp-json\/wp\/v2\/discontinued?post=759888"}],"curies":[{"name":"wp","href":"https:\/\/api.w.org\/{rel}","templated":true}]}}