{"id":74901,"date":"2021-03-10T09:35:09","date_gmt":"2021-03-10T07:35:09","guid":{"rendered":"https:\/\/dev.tactic.net\/tuote\/my-first-puzzle-4x6-pcs-on-the-farm\/"},"modified":"2023-10-26T08:57:00","modified_gmt":"2023-10-26T05:57:00","slug":"my-first-puzzle-4x6-pcs-on-the-farm","status":"publish","type":"product","link":"https:\/\/games.tactic.net\/da\/tuote\/my-first-puzzle-4x6-pcs-on-the-farm\/","title":{"rendered":"Tactic My First Puzzle 4&#215;6 pcs On the Farm"},"content":{"rendered":"<p>Fire lyse og farverige g\u00e5der i en \u00e6ske. Lad os g\u00e5 til g\u00e5rden!<\/p>\n","protected":false},"excerpt":{"rendered":"<p>Fire lyse og farverige g\u00e5der i en \u00e6ske. Lad os g\u00e5 til g\u00e5rden!<\/p>\n","protected":false},"featured_media":0,"template":"","meta":{"content-type":"","_monsterinsights_skip_tracking":false,"_monsterinsights_sitenote_active":false,"_monsterinsights_sitenote_note":"","_monsterinsights_sitenote_category":0},"product_brand":[],"product_cat":[1618,1625],"product_tag":[1232],"brand":[],"target-group":[],"discontinued":[],"class_list":{"0":"post-74901","1":"product","2":"type-product","3":"status-publish","5":"product_cat-boerne-puslespil","6":"product_cat-boerne-puslespil-puslespil","7":"product_tag-kombinere-da","9":"first","10":"instock","11":"taxable","12":"shipping-taxable","13":"product-type-simple"},"aioseo_notices":[],"_links":{"self":[{"href":"https:\/\/games.tactic.net\/da\/wp-json\/wp\/v2\/product\/74901","targetHints":{"allow":["GET"]}}],"collection":[{"href":"https:\/\/games.tactic.net\/da\/wp-json\/wp\/v2\/product"}],"about":[{"href":"https:\/\/games.tactic.net\/da\/wp-json\/wp\/v2\/types\/product"}],"wp:attachment":[{"href":"https:\/\/games.tactic.net\/da\/wp-json\/wp\/v2\/media?parent=74901"}],"wp:term":[{"taxonomy":"product_brand","embeddable":true,"href":"https:\/\/games.tactic.net\/da\/wp-json\/wp\/v2\/product_brand?post=74901"},{"taxonomy":"product_cat","embeddable":true,"href":"https:\/\/games.tactic.net\/da\/wp-json\/wp\/v2\/product_cat?post=74901"},{"taxonomy":"product_tag","embeddable":true,"href":"https:\/\/games.tactic.net\/da\/wp-json\/wp\/v2\/product_tag?post=74901"},{"taxonomy":"brand","embeddable":true,"href":"https:\/\/games.tactic.net\/da\/wp-json\/wp\/v2\/brand?post=74901"},{"taxonomy":"target-group","embeddable":true,"href":"https:\/\/games.tactic.net\/da\/wp-json\/wp\/v2\/target-group?post=74901"},{"taxonomy":"discontinued","embeddable":true,"href":"https:\/\/games.tactic.net\/da\/wp-json\/wp\/v2\/discontinued?post=74901"}],"curies":[{"name":"wp","href":"https:\/\/api.w.org\/{rel}","templated":true}]}}