{"id":74849,"date":"2021-03-09T14:43:31","date_gmt":"2021-03-09T12:43:31","guid":{"rendered":"https:\/\/dev.tactic.net\/tuote\/paw-patrol-floor-puzzle\/"},"modified":"2024-08-08T10:04:54","modified_gmt":"2024-08-08T07:04:54","slug":"paw-patrol-floor-puzzle","status":"publish","type":"product","link":"https:\/\/games.tactic.net\/da\/tuote\/paw-patrol-floor-puzzle\/","title":{"rendered":"Tactic Paw Patrol 35 pcs floor puzzle"},"content":{"rendered":"<p>L\u00e6g et stort puslespil med store brikker. Det farverige og flotte puslespil er en ren forn\u00f8jelse. Det er nemt og sjovt at l\u00e6gge med store flotte brikker. Og desuden holder dette puslespil af h\u00f8j kvalitet meget l\u00e6nge.<\/p>\n","protected":false},"excerpt":{"rendered":"<p>Paw Patrol gulvpuslespil &#8211; 35 brikker<\/p>\n","protected":false},"featured_media":0,"template":"","meta":{"content-type":"","_monsterinsights_skip_tracking":false,"_monsterinsights_sitenote_active":false,"_monsterinsights_sitenote_note":"","_monsterinsights_sitenote_category":0},"product_brand":[],"product_cat":[1625,1618],"product_tag":[],"brand":[],"target-group":[],"discontinued":[],"class_list":{"0":"post-74849","1":"product","2":"type-product","3":"status-publish","5":"product_cat-boerne-puslespil-puslespil","6":"product_cat-boerne-puslespil","8":"first","9":"instock","10":"taxable","11":"shipping-taxable","12":"product-type-simple"},"aioseo_notices":[],"_links":{"self":[{"href":"https:\/\/games.tactic.net\/da\/wp-json\/wp\/v2\/product\/74849","targetHints":{"allow":["GET"]}}],"collection":[{"href":"https:\/\/games.tactic.net\/da\/wp-json\/wp\/v2\/product"}],"about":[{"href":"https:\/\/games.tactic.net\/da\/wp-json\/wp\/v2\/types\/product"}],"wp:attachment":[{"href":"https:\/\/games.tactic.net\/da\/wp-json\/wp\/v2\/media?parent=74849"}],"wp:term":[{"taxonomy":"product_brand","embeddable":true,"href":"https:\/\/games.tactic.net\/da\/wp-json\/wp\/v2\/product_brand?post=74849"},{"taxonomy":"product_cat","embeddable":true,"href":"https:\/\/games.tactic.net\/da\/wp-json\/wp\/v2\/product_cat?post=74849"},{"taxonomy":"product_tag","embeddable":true,"href":"https:\/\/games.tactic.net\/da\/wp-json\/wp\/v2\/product_tag?post=74849"},{"taxonomy":"brand","embeddable":true,"href":"https:\/\/games.tactic.net\/da\/wp-json\/wp\/v2\/brand?post=74849"},{"taxonomy":"target-group","embeddable":true,"href":"https:\/\/games.tactic.net\/da\/wp-json\/wp\/v2\/target-group?post=74849"},{"taxonomy":"discontinued","embeddable":true,"href":"https:\/\/games.tactic.net\/da\/wp-json\/wp\/v2\/discontinued?post=74849"}],"curies":[{"name":"wp","href":"https:\/\/api.w.org\/{rel}","templated":true}]}}