{"id":717904,"date":"2023-04-14T08:19:47","date_gmt":"2023-04-14T05:19:47","guid":{"rendered":"https:\/\/games.tactic.net\/tuote\/iknow-2-0\/"},"modified":"2023-10-25T16:49:34","modified_gmt":"2023-10-25T13:49:34","slug":"iknow-2-0","status":"publish","type":"product","link":"https:\/\/games.tactic.net\/da\/tuote\/iknow-2-0\/","title":{"rendered":"Tactic iKNOW 2.0 board game"},"content":{"rendered":"<p>Den succesfulde trivia-klassiker &#8211; gent\u00e6nkt til en ny generation. Dette er et trivia-spil, hvor enhver kan vinde. Hvert sp\u00f8rgsm\u00e5l indeholder tre ledetr\u00e5de, der bringer dig t\u00e6ttere og t\u00e6ttere p\u00e5 det rigtige svar. Du v\u00e6lger selv, hvorn\u00e5r du vil svare, men jo flere ledetr\u00e5de du f\u00e5r, jo f\u00e6rre point kan du vinde.<\/p>\n<p><img decoding=\"async\" src=\"https:\\\\\\\\games.tactic.net\\\\pic\\\\logo\\\\FI_2022_Vuoden_Peli_Partypelit_finalisti.png\"><\/p>\n","protected":false},"excerpt":{"rendered":"<p>Den succesfulde trivia-klassiker &#8211; gent\u00e6nkt til en ny generation. Dette er et trivia-spil, hvor enhver kan vinde. Hvert sp\u00f8rgsm\u00e5l indeholder tre ledetr\u00e5de, der bringer dig t\u00e6ttere og t\u00e6ttere p\u00e5 det rigtige svar. Du v\u00e6lger selv, hvorn\u00e5r du vil svare, men jo flere ledetr\u00e5de du f\u00e5r, jo f\u00e6rre point kan du vinde.<\/p>\n","protected":false},"featured_media":0,"template":"","meta":{"content-type":"","_monsterinsights_skip_tracking":false,"_monsterinsights_sitenote_active":false,"_monsterinsights_sitenote_note":"","_monsterinsights_sitenote_category":0},"product_brand":[],"product_cat":[1588,1589],"product_tag":[1198],"brand":[{"id":2104,"name":"iKNOW","slug":"iknow_dk"}],"target-group":[],"discontinued":[],"class_list":{"0":"post-717904","1":"product","2":"type-product","3":"status-publish","5":"product_cat-quiz-spil-voksenspil","6":"product_cat-quiz-spil-familiespil","7":"product_tag-viden","8":"brand-iknow_dk","10":"first","11":"instock","12":"taxable","13":"shipping-taxable","14":"product-type-simple"},"aioseo_notices":[],"_links":{"self":[{"href":"https:\/\/games.tactic.net\/da\/wp-json\/wp\/v2\/product\/717904","targetHints":{"allow":["GET"]}}],"collection":[{"href":"https:\/\/games.tactic.net\/da\/wp-json\/wp\/v2\/product"}],"about":[{"href":"https:\/\/games.tactic.net\/da\/wp-json\/wp\/v2\/types\/product"}],"wp:attachment":[{"href":"https:\/\/games.tactic.net\/da\/wp-json\/wp\/v2\/media?parent=717904"}],"wp:term":[{"taxonomy":"product_brand","embeddable":true,"href":"https:\/\/games.tactic.net\/da\/wp-json\/wp\/v2\/product_brand?post=717904"},{"taxonomy":"product_cat","embeddable":true,"href":"https:\/\/games.tactic.net\/da\/wp-json\/wp\/v2\/product_cat?post=717904"},{"taxonomy":"product_tag","embeddable":true,"href":"https:\/\/games.tactic.net\/da\/wp-json\/wp\/v2\/product_tag?post=717904"},{"taxonomy":"brand","embeddable":true,"href":"https:\/\/games.tactic.net\/da\/wp-json\/wp\/v2\/brand?post=717904"},{"taxonomy":"target-group","embeddable":true,"href":"https:\/\/games.tactic.net\/da\/wp-json\/wp\/v2\/target-group?post=717904"},{"taxonomy":"discontinued","embeddable":true,"href":"https:\/\/games.tactic.net\/da\/wp-json\/wp\/v2\/discontinued?post=717904"}],"curies":[{"name":"wp","href":"https:\/\/api.w.org\/{rel}","templated":true}]}}