{"id":715579,"date":"2023-03-27T15:55:19","date_gmt":"2023-03-27T12:55:19","guid":{"rendered":"https:\/\/games.tactic.net\/tuote\/crime-scene-tokyo-2000\/"},"modified":"2023-03-27T15:55:19","modified_gmt":"2023-03-27T12:55:19","slug":"crime-scene-tokyo-2000","status":"publish","type":"product","link":"https:\/\/games.tactic.net\/da\/tuote\/crime-scene-tokyo-2000\/","title":{"rendered":"Gamestorm Crime Scene Tokyo 2000"},"content":{"rendered":"<p>Tr\u00e6d ind p\u00e5 gerningsstedet&#8230; En skr\u00e6mmende forbrydelse bringer detektiver til Tokyos finansielle centrum, men alt er ikke, som det ser ud til. Her er den \u00e6gte magt skjult. &#8211; L\u00f8s g\u00e5derne og g\u00e5 videre mod den endelige konklusion. &#8211; Indeholder en unik historie skrevet af den finske krimiforfatter Arttu Tuominen.<\/p>\n","protected":false},"excerpt":{"rendered":"<p>Tr\u00e6d ind p\u00e5 gerningsstedet&#8230; En skr\u00e6mmende forbrydelse bringer detektiver til Tokyos finansielle centrum, men alt er ikke, som det ser ud til. Her er den \u00e6gte magt skjult. &#8211; L\u00f8s g\u00e5derne og g\u00e5 videre mod den endelige konklusion. &#8211; Indeholder en unik historie skrevet af den finske krimiforfatter Arttu Tuominen.<\/p>\n","protected":false},"featured_media":0,"template":"","meta":{"content-type":"","_monsterinsights_skip_tracking":false,"_monsterinsights_sitenote_active":false,"_monsterinsights_sitenote_note":"","_monsterinsights_sitenote_category":0},"product_brand":[],"product_cat":[687],"product_tag":[],"brand":[{"id":885,"name":"Gamestorm Studio","slug":"gamestormstudio-da"}],"target-group":[],"discontinued":[],"class_list":{"0":"post-715579","1":"product","2":"type-product","3":"status-publish","5":"product_cat-voksenspil","6":"brand-gamestormstudio-da","8":"first","9":"instock","10":"taxable","11":"shipping-taxable","12":"product-type-simple"},"aioseo_notices":[],"_links":{"self":[{"href":"https:\/\/games.tactic.net\/da\/wp-json\/wp\/v2\/product\/715579","targetHints":{"allow":["GET"]}}],"collection":[{"href":"https:\/\/games.tactic.net\/da\/wp-json\/wp\/v2\/product"}],"about":[{"href":"https:\/\/games.tactic.net\/da\/wp-json\/wp\/v2\/types\/product"}],"wp:attachment":[{"href":"https:\/\/games.tactic.net\/da\/wp-json\/wp\/v2\/media?parent=715579"}],"wp:term":[{"taxonomy":"product_brand","embeddable":true,"href":"https:\/\/games.tactic.net\/da\/wp-json\/wp\/v2\/product_brand?post=715579"},{"taxonomy":"product_cat","embeddable":true,"href":"https:\/\/games.tactic.net\/da\/wp-json\/wp\/v2\/product_cat?post=715579"},{"taxonomy":"product_tag","embeddable":true,"href":"https:\/\/games.tactic.net\/da\/wp-json\/wp\/v2\/product_tag?post=715579"},{"taxonomy":"brand","embeddable":true,"href":"https:\/\/games.tactic.net\/da\/wp-json\/wp\/v2\/brand?post=715579"},{"taxonomy":"target-group","embeddable":true,"href":"https:\/\/games.tactic.net\/da\/wp-json\/wp\/v2\/target-group?post=715579"},{"taxonomy":"discontinued","embeddable":true,"href":"https:\/\/games.tactic.net\/da\/wp-json\/wp\/v2\/discontinued?post=715579"}],"curies":[{"name":"wp","href":"https:\/\/api.w.org\/{rel}","templated":true}]}}