{"id":694071,"date":"2023-01-09T13:23:30","date_gmt":"2023-01-09T11:23:30","guid":{"rendered":"http:\/\/games.tactic.net\/tuote\/save-the-sea-dolphin-willow\/"},"modified":"2023-01-09T13:23:30","modified_gmt":"2023-01-09T11:23:30","slug":"save-the-sea-dolphin-willow","status":"publish","type":"product","link":"https:\/\/games.tactic.net\/da\/tuote\/save-the-sea-dolphin-willow\/","title":{"rendered":"Tactic Save the Sea Dolphin Willow plush"},"content":{"rendered":"<p>Save The Sea<\/p>\n<p>Du er ikke alene med dine valg! Hver af os kan g\u00f8re en forskel og tr\u00e6ffe mere ansvarlige valg. I dag \u00f8nsker mange af os at investere i b\u00e6redygtig udvikling og v\u00e6lge mere \u00f8kologiske produkter. Redd Havet er en ny tids plysserie med nutidens v\u00e6rdier!<\/p>\n<p>Lad os redde HAVET, plys for plys!<\/p>\n<p>GENBRUG<\/p>\n<p>Denne nye serie er lavet af plastflasker indsamlet fra havet. B\u00e5de indholdet og stoffet er 100% genanvendt materiale. Det tager cirka 4-7 flasker at lave \u00e9n plys!<\/p>\n<p>Redd Havet er et moderne s\u00e6t ansvarlige plysdyr med s\u00f8de karakterer og en vigtig besked.<\/p>\n<p>GENBRUG<\/p>\n<p>Lavet af 100% genanvendt materiale! 100% genanvendelig! De s\u00f8de havdyr er designet til at v\u00e6re af h\u00f8j kvalitet og velegnede til sm\u00e5 b\u00f8rns h\u00e6nder.<\/p>\n<p>Og bedst af alt, hver karakter kommer med en adoptionscertifikat. P\u00e5 den m\u00e5de kommer karaktererne endnu t\u00e6ttere p\u00e5 den nye ejer!<\/p>\n","protected":false},"excerpt":{"rendered":"<p>Save The Sea Du er ikke alene med dine valg! Hver af os kan g\u00f8re en forskel og tr\u00e6ffe mere ansvarlige valg. I dag \u00f8nsker mange af os at investere i b\u00e6redygtig udvikling og v\u00e6lge mere \u00f8kologiske produkter. Redd Havet er en ny tids plysserie med nutidens v\u00e6rdier! Lad os redde HAVET, plys for plys! [&hellip;]<\/p>\n","protected":false},"featured_media":0,"template":"","meta":{"content-type":"","_monsterinsights_skip_tracking":false,"_monsterinsights_sitenote_active":false,"_monsterinsights_sitenote_note":"","_monsterinsights_sitenote_category":0},"product_brand":[],"product_cat":[2117],"product_tag":[],"brand":[{"id":2118,"name":"Save the sea","slug":"save-the-sea-dk"}],"target-group":[],"discontinued":[],"class_list":{"0":"post-694071","1":"product","2":"type-product","3":"status-publish","5":"product_cat-save-the-sea-legetoej","6":"brand-save-the-sea-dk","8":"first","9":"instock","10":"taxable","11":"shipping-taxable","12":"product-type-simple"},"aioseo_notices":[],"_links":{"self":[{"href":"https:\/\/games.tactic.net\/da\/wp-json\/wp\/v2\/product\/694071","targetHints":{"allow":["GET"]}}],"collection":[{"href":"https:\/\/games.tactic.net\/da\/wp-json\/wp\/v2\/product"}],"about":[{"href":"https:\/\/games.tactic.net\/da\/wp-json\/wp\/v2\/types\/product"}],"wp:attachment":[{"href":"https:\/\/games.tactic.net\/da\/wp-json\/wp\/v2\/media?parent=694071"}],"wp:term":[{"taxonomy":"product_brand","embeddable":true,"href":"https:\/\/games.tactic.net\/da\/wp-json\/wp\/v2\/product_brand?post=694071"},{"taxonomy":"product_cat","embeddable":true,"href":"https:\/\/games.tactic.net\/da\/wp-json\/wp\/v2\/product_cat?post=694071"},{"taxonomy":"product_tag","embeddable":true,"href":"https:\/\/games.tactic.net\/da\/wp-json\/wp\/v2\/product_tag?post=694071"},{"taxonomy":"brand","embeddable":true,"href":"https:\/\/games.tactic.net\/da\/wp-json\/wp\/v2\/brand?post=694071"},{"taxonomy":"target-group","embeddable":true,"href":"https:\/\/games.tactic.net\/da\/wp-json\/wp\/v2\/target-group?post=694071"},{"taxonomy":"discontinued","embeddable":true,"href":"https:\/\/games.tactic.net\/da\/wp-json\/wp\/v2\/discontinued?post=694071"}],"curies":[{"name":"wp","href":"https:\/\/api.w.org\/{rel}","templated":true}]}}