{"id":68392,"date":"2021-02-17T10:54:01","date_gmt":"2021-02-17T08:54:01","guid":{"rendered":"https:\/\/dev.tactic.net\/tuote\/15-minutes-to-self-destruct\/"},"modified":"2023-10-25T14:04:14","modified_gmt":"2023-10-25T11:04:14","slug":"15-minutes-to-self-destruct","status":"publish","type":"product","link":"https:\/\/games.tactic.net\/da\/tuote\/15-minutes-to-self-destruct\/","title":{"rendered":"Gamestorm 15 Minutes to Self-Destruct"},"content":{"rendered":"<p>En asteroide har ramt rumskibet, og computeren er nu indstillet p\u00e5 selvdestruktion. Du har 15 minutter til at slukke for alle de r\u00f8de knapper, inden rumskibet eksploderer. I samarbejde med de andre spillere skal du fors\u00f8ge at undvige ulykken i en desperat kamp mod uret.<\/p>\n<p><img decoding=\"async\" src=\"https:\\\\\\\\games.tactic.net\\\\pic\\\\logo\\\\UK_2020_Toy_Fair_HeroToys_.png\"><\/p>\n","protected":false},"excerpt":{"rendered":"<p>En asteroide har ramt rumskibet, og computeren er nu indstillet p\u00e5 selvdestruktion. Du har 15 minutter til at slukke for alle de r\u00f8de knapper, inden rumskibet eksploderer. I samarbejde med de andre spillere skal du fors\u00f8ge at undvige ulykken i en desperat kamp mod uret.<\/p>\n","protected":false},"featured_media":0,"template":"","meta":{"content-type":"","_monsterinsights_skip_tracking":false,"_monsterinsights_sitenote_active":false,"_monsterinsights_sitenote_note":"","_monsterinsights_sitenote_category":0},"product_brand":[],"product_cat":[1620,1600],"product_tag":[1223],"brand":[{"id":885,"name":"Gamestorm Studio","slug":"gamestormstudio-da"}],"target-group":[],"discontinued":[],"class_list":{"0":"post-68392","1":"product","2":"type-product","3":"status-publish","5":"product_cat-strategiske-spil-familiespil","6":"product_cat-strategiske-spil-voksenspil","7":"product_tag-aktive-da","8":"brand-gamestormstudio-da","10":"first","11":"instock","12":"taxable","13":"shipping-taxable","14":"product-type-simple"},"aioseo_notices":[],"_links":{"self":[{"href":"https:\/\/games.tactic.net\/da\/wp-json\/wp\/v2\/product\/68392","targetHints":{"allow":["GET"]}}],"collection":[{"href":"https:\/\/games.tactic.net\/da\/wp-json\/wp\/v2\/product"}],"about":[{"href":"https:\/\/games.tactic.net\/da\/wp-json\/wp\/v2\/types\/product"}],"wp:attachment":[{"href":"https:\/\/games.tactic.net\/da\/wp-json\/wp\/v2\/media?parent=68392"}],"wp:term":[{"taxonomy":"product_brand","embeddable":true,"href":"https:\/\/games.tactic.net\/da\/wp-json\/wp\/v2\/product_brand?post=68392"},{"taxonomy":"product_cat","embeddable":true,"href":"https:\/\/games.tactic.net\/da\/wp-json\/wp\/v2\/product_cat?post=68392"},{"taxonomy":"product_tag","embeddable":true,"href":"https:\/\/games.tactic.net\/da\/wp-json\/wp\/v2\/product_tag?post=68392"},{"taxonomy":"brand","embeddable":true,"href":"https:\/\/games.tactic.net\/da\/wp-json\/wp\/v2\/brand?post=68392"},{"taxonomy":"target-group","embeddable":true,"href":"https:\/\/games.tactic.net\/da\/wp-json\/wp\/v2\/target-group?post=68392"},{"taxonomy":"discontinued","embeddable":true,"href":"https:\/\/games.tactic.net\/da\/wp-json\/wp\/v2\/discontinued?post=68392"}],"curies":[{"name":"wp","href":"https:\/\/api.w.org\/{rel}","templated":true}]}}