{"id":68376,"date":"2021-02-17T10:49:43","date_gmt":"2021-02-17T08:49:43","guid":{"rendered":"https:\/\/dev.tactic.net\/tuote\/hack-my-password\/"},"modified":"2024-11-19T10:03:56","modified_gmt":"2024-11-19T08:03:56","slug":"hack-my-password","status":"archive","type":"product","link":"https:\/\/games.tactic.net\/da\/tuote\/hack-my-password\/","title":{"rendered":"Gamestorm Hack My Password"},"content":{"rendered":"<p>Nu kan du endelig pr\u00f8ve at v\u00e6re hacker. Bryd gennem din modstanderes brandv\u00e6g og g\u00e6t kodeordet inden du selv bliver hacket. F\u00f8rste spiller, som hacker kodeord eller n\u00e5r i m\u00e5l, vinder spillet.<\/p>\n","protected":false},"excerpt":{"rendered":"<p>Nu kan du endelig pr\u00f8ve at v\u00e6re hacker. Bryd gennem din modstanderes brandv\u00e6g og g\u00e6t kodeordet inden du selv bliver hacket. F\u00f8rste spiller, som hacker kodeord eller n\u00e5r i m\u00e5l, vinder spillet.<\/p>\n","protected":false},"featured_media":0,"template":"","meta":{"content-type":"","_monsterinsights_skip_tracking":false,"_monsterinsights_sitenote_active":false,"_monsterinsights_sitenote_note":"","_monsterinsights_sitenote_category":0},"product_brand":[],"product_cat":[1600,1620],"product_tag":[1232,1198],"brand":[{"id":885,"name":"Gamestorm Studio","slug":"gamestormstudio-da"}],"target-group":[],"discontinued":[],"class_list":{"0":"post-68376","1":"product","2":"type-product","3":"status-archive","5":"product_cat-strategiske-spil-voksenspil","6":"product_cat-strategiske-spil-familiespil","7":"product_tag-kombinere-da","8":"product_tag-viden","9":"brand-gamestormstudio-da","11":"first","12":"outofstock","13":"taxable","14":"shipping-taxable","15":"product-type-simple"},"aioseo_notices":[],"_links":{"self":[{"href":"https:\/\/games.tactic.net\/da\/wp-json\/wp\/v2\/product\/68376","targetHints":{"allow":["GET"]}}],"collection":[{"href":"https:\/\/games.tactic.net\/da\/wp-json\/wp\/v2\/product"}],"about":[{"href":"https:\/\/games.tactic.net\/da\/wp-json\/wp\/v2\/types\/product"}],"wp:attachment":[{"href":"https:\/\/games.tactic.net\/da\/wp-json\/wp\/v2\/media?parent=68376"}],"wp:term":[{"taxonomy":"product_brand","embeddable":true,"href":"https:\/\/games.tactic.net\/da\/wp-json\/wp\/v2\/product_brand?post=68376"},{"taxonomy":"product_cat","embeddable":true,"href":"https:\/\/games.tactic.net\/da\/wp-json\/wp\/v2\/product_cat?post=68376"},{"taxonomy":"product_tag","embeddable":true,"href":"https:\/\/games.tactic.net\/da\/wp-json\/wp\/v2\/product_tag?post=68376"},{"taxonomy":"brand","embeddable":true,"href":"https:\/\/games.tactic.net\/da\/wp-json\/wp\/v2\/brand?post=68376"},{"taxonomy":"target-group","embeddable":true,"href":"https:\/\/games.tactic.net\/da\/wp-json\/wp\/v2\/target-group?post=68376"},{"taxonomy":"discontinued","embeddable":true,"href":"https:\/\/games.tactic.net\/da\/wp-json\/wp\/v2\/discontinued?post=68376"}],"curies":[{"name":"wp","href":"https:\/\/api.w.org\/{rel}","templated":true}]}}