{"id":683731,"date":"2022-12-12T12:11:09","date_gmt":"2022-12-12T10:11:09","guid":{"rendered":"http:\/\/games.tactic.net\/tuote\/dinosaur-kimble\/"},"modified":"2023-10-25T13:25:54","modified_gmt":"2023-10-25T10:25:54","slug":"dinosaur-kimble","status":"publish","type":"product","link":"https:\/\/games.tactic.net\/da\/tuote\/dinosaur-kimble\/","title":{"rendered":"Tactic Kimble Dinosaur board game"},"content":{"rendered":"<p>G\u00f8r dig klar til at l\u00f8be om kap med dinoer! L\u00f8b rundt p\u00e5 spillepladen, flyt alle fire brikker mod dine m\u00e5l &#8211; men pas p\u00e5 de andre spillere, der vil fors\u00f8ge at f\u00e5 dig til at snuble&#8230; &#8211; Et klassisk familiespil med masser af sp\u00e6nding. &#8211; Leveres med et slidst\u00e6rkt plastik spillebr\u00e6t og en sjov springende terning..<\/p>\n","protected":false},"excerpt":{"rendered":"<p>G\u00f8r dig klar til at l\u00f8be om kap med dinoer! L\u00f8b rundt p\u00e5 spillepladen, flyt alle fire brikker mod dine m\u00e5l &#8211; men pas p\u00e5 de andre spillere, der vil fors\u00f8ge at f\u00e5 dig til at snuble&#8230; &#8211; Et klassisk familiespil med masser af sp\u00e6nding. &#8211; Leveres med et slidst\u00e6rkt plastik spillebr\u00e6t og en sjov springende terning.<\/p>\n","protected":false},"featured_media":0,"template":"","meta":{"content-type":"","_monsterinsights_skip_tracking":false,"_monsterinsights_sitenote_active":false,"_monsterinsights_sitenote_note":"","_monsterinsights_sitenote_category":0},"product_brand":[],"product_cat":[1574],"product_tag":[1002,1237,895],"brand":[{"id":1001,"name":"Kimble","slug":"kimble-2"}],"target-group":[],"discontinued":[],"class_list":{"0":"post-683731","1":"product","2":"type-product","3":"status-publish","5":"product_cat-boerne-braetspil","6":"product_tag-held","7":"product_tag-strategi-da","8":"product_tag-taktik","9":"brand-kimble-2","11":"first","12":"instock","13":"taxable","14":"shipping-taxable","15":"product-type-simple"},"aioseo_notices":[],"_links":{"self":[{"href":"https:\/\/games.tactic.net\/da\/wp-json\/wp\/v2\/product\/683731","targetHints":{"allow":["GET"]}}],"collection":[{"href":"https:\/\/games.tactic.net\/da\/wp-json\/wp\/v2\/product"}],"about":[{"href":"https:\/\/games.tactic.net\/da\/wp-json\/wp\/v2\/types\/product"}],"wp:attachment":[{"href":"https:\/\/games.tactic.net\/da\/wp-json\/wp\/v2\/media?parent=683731"}],"wp:term":[{"taxonomy":"product_brand","embeddable":true,"href":"https:\/\/games.tactic.net\/da\/wp-json\/wp\/v2\/product_brand?post=683731"},{"taxonomy":"product_cat","embeddable":true,"href":"https:\/\/games.tactic.net\/da\/wp-json\/wp\/v2\/product_cat?post=683731"},{"taxonomy":"product_tag","embeddable":true,"href":"https:\/\/games.tactic.net\/da\/wp-json\/wp\/v2\/product_tag?post=683731"},{"taxonomy":"brand","embeddable":true,"href":"https:\/\/games.tactic.net\/da\/wp-json\/wp\/v2\/brand?post=683731"},{"taxonomy":"target-group","embeddable":true,"href":"https:\/\/games.tactic.net\/da\/wp-json\/wp\/v2\/target-group?post=683731"},{"taxonomy":"discontinued","embeddable":true,"href":"https:\/\/games.tactic.net\/da\/wp-json\/wp\/v2\/discontinued?post=683731"}],"curies":[{"name":"wp","href":"https:\/\/api.w.org\/{rel}","templated":true}]}}