{"id":67928,"date":"2021-02-17T10:41:48","date_gmt":"2021-02-17T08:41:48","guid":{"rendered":"https:\/\/dev.tactic.net\/tuote\/canal-king\/"},"modified":"2024-08-20T09:46:41","modified_gmt":"2024-08-20T06:46:41","slug":"canal-king","status":"archive","type":"product","link":"https:\/\/games.tactic.net\/da\/tuote\/canal-king\/","title":{"rendered":"Gamestorm Canal King board game"},"content":{"rendered":"<p>Dette underholdende strategispil inviterer dig til Brugge i Belgien. Brug kanalbrikkerne til at bygge en rute fra din starthavn til din endelige destination. N\u00e5r din rute er klar, kan du hoppe ombord p\u00e5 dit skib og pr\u00f8ve at n\u00e5 m\u00e5l inden de andre spillere.<\/p>\n","protected":false},"excerpt":{"rendered":"<p>Dette underholdende strategispil inviterer dig til Brugge i Belgien. Brug kanalbrikkerne til at bygge en rute fra din starthavn til din endelige destination. N\u00e5r din rute er klar, kan du hoppe ombord p\u00e5 dit skib og pr\u00f8ve at n\u00e5 m\u00e5l inden de andre spillere.<\/p>\n","protected":false},"featured_media":0,"template":"","meta":{"content-type":"","_monsterinsights_skip_tracking":false,"_monsterinsights_sitenote_active":false,"_monsterinsights_sitenote_note":"","_monsterinsights_sitenote_category":0},"product_brand":[],"product_cat":[2277,1620],"product_tag":[352],"brand":[{"id":885,"name":"Gamestorm Studio","slug":"gamestormstudio-da"}],"target-group":[],"discontinued":[],"class_list":{"0":"post-67928","1":"product","2":"type-product","3":"status-archive","5":"product_cat-strategiske-spil-outlet-4","6":"product_cat-strategiske-spil-familiespil","7":"product_tag-strategi","8":"brand-gamestormstudio-da","10":"first","11":"outofstock","12":"sale","13":"taxable","14":"shipping-taxable","15":"product-type-simple"},"aioseo_notices":[],"_links":{"self":[{"href":"https:\/\/games.tactic.net\/da\/wp-json\/wp\/v2\/product\/67928","targetHints":{"allow":["GET"]}}],"collection":[{"href":"https:\/\/games.tactic.net\/da\/wp-json\/wp\/v2\/product"}],"about":[{"href":"https:\/\/games.tactic.net\/da\/wp-json\/wp\/v2\/types\/product"}],"wp:attachment":[{"href":"https:\/\/games.tactic.net\/da\/wp-json\/wp\/v2\/media?parent=67928"}],"wp:term":[{"taxonomy":"product_brand","embeddable":true,"href":"https:\/\/games.tactic.net\/da\/wp-json\/wp\/v2\/product_brand?post=67928"},{"taxonomy":"product_cat","embeddable":true,"href":"https:\/\/games.tactic.net\/da\/wp-json\/wp\/v2\/product_cat?post=67928"},{"taxonomy":"product_tag","embeddable":true,"href":"https:\/\/games.tactic.net\/da\/wp-json\/wp\/v2\/product_tag?post=67928"},{"taxonomy":"brand","embeddable":true,"href":"https:\/\/games.tactic.net\/da\/wp-json\/wp\/v2\/brand?post=67928"},{"taxonomy":"target-group","embeddable":true,"href":"https:\/\/games.tactic.net\/da\/wp-json\/wp\/v2\/target-group?post=67928"},{"taxonomy":"discontinued","embeddable":true,"href":"https:\/\/games.tactic.net\/da\/wp-json\/wp\/v2\/discontinued?post=67928"}],"curies":[{"name":"wp","href":"https:\/\/api.w.org\/{rel}","templated":true}]}}