{"id":661896,"date":"2022-11-01T08:09:55","date_gmt":"2022-11-01T06:09:55","guid":{"rendered":"http:\/\/games.tactic.net\/tuote\/vikings-tales-edge-of-the-world\/"},"modified":"2023-10-25T16:50:00","modified_gmt":"2023-10-25T13:50:00","slug":"vikings-tales-edge-of-the-world","status":"publish","type":"product","link":"https:\/\/games.tactic.net\/da\/tuote\/vikings-tales-edge-of-the-world\/","title":{"rendered":"Gamestorm Vikings\u2019 Tales Edge of the World board game"},"content":{"rendered":"<p>G\u00f8r dig klar til eventyr! Er du klar til at sejle mod verdens ende? Sammens\u00e6t det bedste hold og begynd at handle varer, mens du k\u00e6mper kampe og finder din vej videre mod det ukendte. Vikingeh\u00f8vdingen, der har akkumuleret den st\u00f8rste formue, er vinderen, men der er mange farer undervejs &#8230;<\/p>\n","protected":false},"excerpt":{"rendered":"<p>G\u00f8r dig klar til eventyr! Er du klar til at sejle mod verdens ende? Sammens\u00e6t det bedste hold og begynd at handle varer, mens du k\u00e6mper kampe og finder din vej videre mod det ukendte. Vikingeh\u00f8vdingen, der har akkumuleret den st\u00f8rste formue, er vinderen, men der er mange farer undervejs &#8230;<\/p>\n","protected":false},"featured_media":0,"template":"","meta":{"content-type":"","_monsterinsights_skip_tracking":false,"_monsterinsights_sitenote_active":false,"_monsterinsights_sitenote_note":"","_monsterinsights_sitenote_category":0},"product_brand":[],"product_cat":[1620,1600],"product_tag":[1237],"brand":[{"id":885,"name":"Gamestorm Studio","slug":"gamestormstudio-da"}],"target-group":[],"discontinued":[],"class_list":{"0":"post-661896","1":"product","2":"type-product","3":"status-publish","5":"product_cat-strategiske-spil-familiespil","6":"product_cat-strategiske-spil-voksenspil","7":"product_tag-strategi-da","8":"brand-gamestormstudio-da","10":"first","11":"instock","12":"taxable","13":"shipping-taxable","14":"product-type-simple"},"aioseo_notices":[],"_links":{"self":[{"href":"https:\/\/games.tactic.net\/da\/wp-json\/wp\/v2\/product\/661896","targetHints":{"allow":["GET"]}}],"collection":[{"href":"https:\/\/games.tactic.net\/da\/wp-json\/wp\/v2\/product"}],"about":[{"href":"https:\/\/games.tactic.net\/da\/wp-json\/wp\/v2\/types\/product"}],"wp:attachment":[{"href":"https:\/\/games.tactic.net\/da\/wp-json\/wp\/v2\/media?parent=661896"}],"wp:term":[{"taxonomy":"product_brand","embeddable":true,"href":"https:\/\/games.tactic.net\/da\/wp-json\/wp\/v2\/product_brand?post=661896"},{"taxonomy":"product_cat","embeddable":true,"href":"https:\/\/games.tactic.net\/da\/wp-json\/wp\/v2\/product_cat?post=661896"},{"taxonomy":"product_tag","embeddable":true,"href":"https:\/\/games.tactic.net\/da\/wp-json\/wp\/v2\/product_tag?post=661896"},{"taxonomy":"brand","embeddable":true,"href":"https:\/\/games.tactic.net\/da\/wp-json\/wp\/v2\/brand?post=661896"},{"taxonomy":"target-group","embeddable":true,"href":"https:\/\/games.tactic.net\/da\/wp-json\/wp\/v2\/target-group?post=661896"},{"taxonomy":"discontinued","embeddable":true,"href":"https:\/\/games.tactic.net\/da\/wp-json\/wp\/v2\/discontinued?post=661896"}],"curies":[{"name":"wp","href":"https:\/\/api.w.org\/{rel}","templated":true}]}}