{"id":655329,"date":"2022-10-24T09:08:32","date_gmt":"2022-10-24T06:08:32","guid":{"rendered":"http:\/\/games.tactic.net\/tuote\/mb-sprinter-dhl-with-driver\/"},"modified":"2023-10-20T16:48:51","modified_gmt":"2023-10-20T13:48:51","slug":"mb-sprinter-dhl-with-driver","status":"publish","type":"product","link":"https:\/\/games.tactic.net\/da\/tuote\/mb-sprinter-dhl-with-driver\/","title":{"rendered":"Bruder Mercedes-Benz Sprinter DHL with driver toy"},"content":{"rendered":"<p>Den seneste version af Mercedes Benz Sprinter er ogs\u00e5 en af \u200b\u200bde mest succesrige modeller i kategorien lette k\u00f8ret\u00f8jer. Dens alsidighed g\u00f8r den uundv\u00e6rlig for kommuner, redningstjenester og logistiksektoren. DHL bruger ogs\u00e5 Sprinter n\u00e5r der skal leveres pakker ud til kunderne. De er blevet et velkendt syn p\u00e5 gaden. BRUDER tilbyder nu ogs\u00e5 den nyeste version af Sprinter som DHL varebil. F\u00f8rerkabined\u00f8ren og bagd\u00f8rene \u00e5bnes. Et s\u00e6rligt h\u00f8jdepunkt er den nyudviklede skyded\u00f8r p\u00e5 passagersiden. BRUDER-modellen er udstyret med DHL-chauff\u00f8r, pallebur og typiske DHL-forsendelsespakker. Med BRUDERs omfattende logistiksortiment kan denne fantastiske model udvides yderligere. Logistiks\u00e6ttet (varenr. 02415) og Linde gaffeltruck H30D (varenr. 02511) giver endnu mere lege v\u00e6rdi.<\/p>\n","protected":false},"excerpt":{"rendered":"<p>Bruder Mercedez-Benz Sprinter DHL med chaff\u00f8r<br \/>\n DHL bruger ogs\u00e5 Sprinter n\u00e5r der skal leveres pakker ud til kunderne. De er blevet et velkendt syn p\u00e5 gaden. BRUDER tilbyder nu ogs\u00e5 den nyeste version af Sprinter som DHL varebil. F\u00f8rerkabined\u00f8ren og bagd\u00f8rene \u00e5bnes. Et s\u00e6rligt h\u00f8jdepunkt er den nyudviklede skyded\u00f8r p\u00e5 passagersiden. BRUDER-modellen er udstyret med DHL-chauff\u00f8r, pallebur og typiske DHL-forsendelsespakker.<\/p>\n","protected":false},"featured_media":0,"template":"","meta":{"content-type":"","_monsterinsights_skip_tracking":false,"_monsterinsights_sitenote_active":false,"_monsterinsights_sitenote_note":"","_monsterinsights_sitenote_category":0},"product_brand":[],"product_cat":[1498],"product_tag":[],"brand":[],"target-group":[],"discontinued":[],"class_list":{"0":"post-655329","1":"product","2":"type-product","3":"status-publish","5":"product_cat-bruder-legetoej","7":"first","8":"instock","9":"taxable","10":"shipping-taxable","11":"product-type-simple"},"aioseo_notices":[],"_links":{"self":[{"href":"https:\/\/games.tactic.net\/da\/wp-json\/wp\/v2\/product\/655329","targetHints":{"allow":["GET"]}}],"collection":[{"href":"https:\/\/games.tactic.net\/da\/wp-json\/wp\/v2\/product"}],"about":[{"href":"https:\/\/games.tactic.net\/da\/wp-json\/wp\/v2\/types\/product"}],"wp:attachment":[{"href":"https:\/\/games.tactic.net\/da\/wp-json\/wp\/v2\/media?parent=655329"}],"wp:term":[{"taxonomy":"product_brand","embeddable":true,"href":"https:\/\/games.tactic.net\/da\/wp-json\/wp\/v2\/product_brand?post=655329"},{"taxonomy":"product_cat","embeddable":true,"href":"https:\/\/games.tactic.net\/da\/wp-json\/wp\/v2\/product_cat?post=655329"},{"taxonomy":"product_tag","embeddable":true,"href":"https:\/\/games.tactic.net\/da\/wp-json\/wp\/v2\/product_tag?post=655329"},{"taxonomy":"brand","embeddable":true,"href":"https:\/\/games.tactic.net\/da\/wp-json\/wp\/v2\/brand?post=655329"},{"taxonomy":"target-group","embeddable":true,"href":"https:\/\/games.tactic.net\/da\/wp-json\/wp\/v2\/target-group?post=655329"},{"taxonomy":"discontinued","embeddable":true,"href":"https:\/\/games.tactic.net\/da\/wp-json\/wp\/v2\/discontinued?post=655329"}],"curies":[{"name":"wp","href":"https:\/\/api.w.org\/{rel}","templated":true}]}}