{"id":655298,"date":"2022-10-24T09:07:51","date_gmt":"2022-10-24T06:07:51","guid":{"rendered":"http:\/\/games.tactic.net\/tuote\/john-deere-with-tipping-trailer\/"},"modified":"2023-10-20T16:03:58","modified_gmt":"2023-10-20T13:03:58","slug":"john-deere-with-tipping-trailer","status":"publish","type":"product","link":"https:\/\/games.tactic.net\/da\/tuote\/john-deere-with-tipping-trailer\/","title":{"rendered":"Bruder John Deere 6920 tractor with tipping trailer toy"},"content":{"rendered":"<p>John Deere 6920 er et kraftfuldt og p\u00e5lideligt landbrugsv\u00e6rkt\u00f8j. Denne model har v\u00e6ret et fast medlem af BRUDER-serien i lang tid. Motorhjelmen kan \u00e5bnes for at afsl\u00f8re motorblokken. Offroad-forakslen kan styres enten direkte via det bev\u00e6gelige rat i f\u00f8rerhuset eller via den medf\u00f8lgende styrestangsforl\u00e6nger, som b\u00f8rn kan fastg\u00f8re til det bev\u00e6gelige rat gennem skydetaget i f\u00f8rerhuset. Trailerens vippetrug foldes op, hvoraf bagklappen automatisk \u00e5bner. Tilslut koblingen igen for at bruge kornudledningsv\u00e6rkt\u00f8jet. Slidbaned\u00e6k runder produktet af. Alle talrige trailere og p\u00e5h\u00e6ngsvogne i Professional-serien kan kombineres med John Deere 6920 traktoren for bedre at illustrere for unge landm\u00e6nd, hvordan markerne bearbejdes og dermed dyrkes landbrugsprodukter.<\/p>\n","protected":false},"excerpt":{"rendered":"<p>Bruder John Deere 6920 traktor med tip trailer<\/p>\n","protected":false},"featured_media":0,"template":"","meta":{"content-type":"","_monsterinsights_skip_tracking":false,"_monsterinsights_sitenote_active":false,"_monsterinsights_sitenote_note":"","_monsterinsights_sitenote_category":0},"product_brand":[],"product_cat":[1498],"product_tag":[],"brand":[],"target-group":[],"discontinued":[],"class_list":{"0":"post-655298","1":"product","2":"type-product","3":"status-publish","5":"product_cat-bruder-legetoej","7":"first","8":"instock","9":"taxable","10":"shipping-taxable","11":"product-type-simple"},"aioseo_notices":[],"_links":{"self":[{"href":"https:\/\/games.tactic.net\/da\/wp-json\/wp\/v2\/product\/655298","targetHints":{"allow":["GET"]}}],"collection":[{"href":"https:\/\/games.tactic.net\/da\/wp-json\/wp\/v2\/product"}],"about":[{"href":"https:\/\/games.tactic.net\/da\/wp-json\/wp\/v2\/types\/product"}],"wp:attachment":[{"href":"https:\/\/games.tactic.net\/da\/wp-json\/wp\/v2\/media?parent=655298"}],"wp:term":[{"taxonomy":"product_brand","embeddable":true,"href":"https:\/\/games.tactic.net\/da\/wp-json\/wp\/v2\/product_brand?post=655298"},{"taxonomy":"product_cat","embeddable":true,"href":"https:\/\/games.tactic.net\/da\/wp-json\/wp\/v2\/product_cat?post=655298"},{"taxonomy":"product_tag","embeddable":true,"href":"https:\/\/games.tactic.net\/da\/wp-json\/wp\/v2\/product_tag?post=655298"},{"taxonomy":"brand","embeddable":true,"href":"https:\/\/games.tactic.net\/da\/wp-json\/wp\/v2\/brand?post=655298"},{"taxonomy":"target-group","embeddable":true,"href":"https:\/\/games.tactic.net\/da\/wp-json\/wp\/v2\/target-group?post=655298"},{"taxonomy":"discontinued","embeddable":true,"href":"https:\/\/games.tactic.net\/da\/wp-json\/wp\/v2\/discontinued?post=655298"}],"curies":[{"name":"wp","href":"https:\/\/api.w.org\/{rel}","templated":true}]}}