{"id":655255,"date":"2022-10-24T09:06:31","date_gmt":"2022-10-24T06:06:31","guid":{"rendered":"http:\/\/games.tactic.net\/tuote\/jcb-teletruck-with-pallet\/"},"modified":"2023-10-20T16:00:24","modified_gmt":"2023-10-20T13:00:24","slug":"jcb-teletruck-with-pallet","status":"publish","type":"product","link":"https:\/\/games.tactic.net\/da\/tuote\/jcb-teletruck-with-pallet\/","title":{"rendered":"Bruder JCB Teletruck with pallet toy"},"content":{"rendered":"<p>BRUDER st\u00e5r for manuel leg og opdagelse, som med denne nye gaffeltruck. JCB 30-19E Teletruk er en del af en ny generation af innovative produkter kaldet JCB E-TECH med elektrisk drev og nul emissioner p\u00e5 brugsstedet, uden at g\u00e5 p\u00e5 kompromis med ydeevnen. Den opn\u00e5r maksimal effektivitet med en ny teleskopbom med nul emissioner p\u00e5 samme tid. Denne revolutionerende teleskopgaffeltruck er en ny model i BRUDERs verden med erhvervsk\u00f8ret\u00f8jer. Gaffeltrucken er styrbar p\u00e5 bagakslen og har et moderne f\u00f8rerhus. Den h\u00f8jdejusterbare teleskoparm kan tr\u00e6kkes ind og ud samt l\u00e5ses, og gaffelens vinkel kan justeres. Takket v\u00e6re BRUDER standardholderen kan et bredt udvalg af v\u00e6rkt\u00f8j monteres og tilbeh\u00f8rss\u00e6ttet med gitterpalle, kabelspil og gafler (varenr. 02318) er den perfekte tilbeh\u00f8r til denne k\u00f8ret\u00f8j.<\/p>\n","protected":false},"excerpt":{"rendered":"<p>Bruder JCB Teletruck med palle<\/p>\n","protected":false},"featured_media":0,"template":"","meta":{"content-type":"","_monsterinsights_skip_tracking":false,"_monsterinsights_sitenote_active":false,"_monsterinsights_sitenote_note":"","_monsterinsights_sitenote_category":0},"product_brand":[],"product_cat":[1498],"product_tag":[],"brand":[],"target-group":[],"discontinued":[],"class_list":{"0":"post-655255","1":"product","2":"type-product","3":"status-publish","5":"product_cat-bruder-legetoej","7":"first","8":"instock","9":"taxable","10":"shipping-taxable","11":"product-type-simple"},"aioseo_notices":[],"_links":{"self":[{"href":"https:\/\/games.tactic.net\/da\/wp-json\/wp\/v2\/product\/655255","targetHints":{"allow":["GET"]}}],"collection":[{"href":"https:\/\/games.tactic.net\/da\/wp-json\/wp\/v2\/product"}],"about":[{"href":"https:\/\/games.tactic.net\/da\/wp-json\/wp\/v2\/types\/product"}],"wp:attachment":[{"href":"https:\/\/games.tactic.net\/da\/wp-json\/wp\/v2\/media?parent=655255"}],"wp:term":[{"taxonomy":"product_brand","embeddable":true,"href":"https:\/\/games.tactic.net\/da\/wp-json\/wp\/v2\/product_brand?post=655255"},{"taxonomy":"product_cat","embeddable":true,"href":"https:\/\/games.tactic.net\/da\/wp-json\/wp\/v2\/product_cat?post=655255"},{"taxonomy":"product_tag","embeddable":true,"href":"https:\/\/games.tactic.net\/da\/wp-json\/wp\/v2\/product_tag?post=655255"},{"taxonomy":"brand","embeddable":true,"href":"https:\/\/games.tactic.net\/da\/wp-json\/wp\/v2\/brand?post=655255"},{"taxonomy":"target-group","embeddable":true,"href":"https:\/\/games.tactic.net\/da\/wp-json\/wp\/v2\/target-group?post=655255"},{"taxonomy":"discontinued","embeddable":true,"href":"https:\/\/games.tactic.net\/da\/wp-json\/wp\/v2\/discontinued?post=655255"}],"curies":[{"name":"wp","href":"https:\/\/api.w.org\/{rel}","templated":true}]}}